{"id":14798,"date":"2019-02-27T16:03:58","date_gmt":"2019-02-27T15:03:58","guid":{"rendered":"https:\/\/cigarpassion.ch\/?post_type=product&#038;p=12363"},"modified":"2023-10-24T09:53:56","modified_gmt":"2023-10-24T08:53:56","slug":"che-sycomore-jaune-110-cigares","status":"publish","type":"product","link":"https:\/\/beta.alpscigar.com\/zh\/shop\/humidors\/che-sycomore-jaune-110-cigares\/","title":{"rendered":"Elie Bleu CH\u00c9 Jaune &#8211; 110 Cigares"},"content":{"rendered":"<p>Humidor CH\u00c9 Jaune.<\/p>\n<p>Cave \u00e0 cigares \u00ab\u00a0CH\u00c9\u00a0\u00bb en sycomore Jaune de Elie Bleu. Elle qui c\u00e9l\u00e8bre la culture du cigare cubain et l&rsquo;histoire de la Havane avec cette collection CH\u00c9.<\/p>\n<ul>\n<li>Sycomore ond\u00e9 teint\u00e9<\/li>\n<li>Portrait en Marqueterie<\/li>\n<li>110 Cigares<\/li>\n<li>2 Humidificateurs<\/li>\n<li>1 Hygrom\u00e8tre \u00e0 aiguille<\/li>\n<li>Largeur: 40 cm | 15.75 inch<\/li>\n<li>Profondeur: 27 cm | 10.63 inch<\/li>\n<li>Hauteur: 11.20 cm | 4.41 inch<\/li>\n<\/ul>","protected":false},"excerpt":{"rendered":"<p>CH\u00c9 Jaune \u2013 110 Cigares.<\/p>","protected":false},"featured_media":14801,"template":"","meta":{"_acf_changed":false},"product_cat":[16841],"product_tag":[9396],"bundled_by":[],"bundle_stock_status":"outofstock","bundle_stock_quantity":0,"bundle_virtual":false,"bundle_layout":"","bundle_add_to_cart_form_location":"","bundle_editable_in_cart":false,"bundle_sold_individually_context":"","bundle_item_grouping":"","bundle_min_size":"","bundle_max_size":"","bundled_items":[],"acf":[],"_links":{"self":[{"href":"https:\/\/beta.alpscigar.com\/zh\/wp-json\/wp\/v2\/product\/14798"}],"collection":[{"href":"https:\/\/beta.alpscigar.com\/zh\/wp-json\/wp\/v2\/product"}],"about":[{"href":"https:\/\/beta.alpscigar.com\/zh\/wp-json\/wp\/v2\/types\/product"}],"wp:featuredmedia":[{"embeddable":true,"href":"https:\/\/beta.alpscigar.com\/zh\/wp-json\/wp\/v2\/media\/14801"}],"wp:attachment":[{"href":"https:\/\/beta.alpscigar.com\/zh\/wp-json\/wp\/v2\/media?parent=14798"}],"wp:term":[{"taxonomy":"product_cat","embeddable":true,"href":"https:\/\/beta.alpscigar.com\/zh\/wp-json\/wp\/v2\/product_cat?post=14798"},{"taxonomy":"product_tag","embeddable":true,"href":"https:\/\/beta.alpscigar.com\/zh\/wp-json\/wp\/v2\/product_tag?post=14798"}],"curies":[{"name":"wp","href":"https:\/\/api.w.org\/{rel}","templated":true}]}}