{"id":14888,"date":"2018-12-14T13:06:52","date_gmt":"2018-12-14T12:06:52","guid":{"rendered":"https:\/\/cigarpassion.ch\/?post_type=product&#038;p=10310"},"modified":"2023-12-08T10:00:40","modified_gmt":"2023-12-08T09:00:40","slug":"perfecdraw","status":"publish","type":"product","link":"https:\/\/beta.alpscigar.com\/zh\/shop\/cigars-accessories\/perfecdraw\/","title":{"rendered":"PerfecDraw"},"content":{"rendered":"<p><strong>Le PerfecDraw\u00ae<\/strong> est un instrument de r\u00e9glage de pr\u00e9cision et embout pour cigares.<\/p>\n<p><strong>Le PerfecDraw\u00ae<\/strong> est scientifiquement con\u00e7u avec des lames de coupe de tabac de pr\u00e9cision et des canaux de tirages qui \u00e9liminent parfaitement les petits morceaux de tabac et lib\u00e8rent le tabac environnant, exactement l\u00e0 o\u00f9 vous en avez besoin, <strong>r\u00e9sultant en ce tirage parfait tant convoit\u00e9.<\/strong><\/p>\n<p>Eh bien, maintenant, c&rsquo;est possible avec <strong>le\u00a0PerfecDraw\u00ae<\/strong> !<\/p>\n<p>Il s&rsquo;agit d&rsquo;une lame en acier inoxydable, de haute qualit\u00e9, garantie \u00e0 vie. <strong>Pour plus d&rsquo;informations, vous pouvez visionner la vid\u00e9o ci-dessous\u00a0:<\/strong><\/p>","protected":false},"excerpt":{"rendered":"<p><span><strong>Le PerfecDraw<\/strong> est un instrument de r&eacute;glage de pr&eacute;cision et embout pour cigares.<\/span><\/p>","protected":false},"featured_media":14890,"template":"","meta":{"_acf_changed":false},"product_cat":[16870],"product_tag":[],"bundled_by":[],"bundle_stock_status":"instock","bundle_stock_quantity":null,"bundle_virtual":false,"bundle_layout":"","bundle_add_to_cart_form_location":"","bundle_editable_in_cart":false,"bundle_sold_individually_context":"","bundle_item_grouping":"","bundle_min_size":"","bundle_max_size":"","bundled_items":[],"acf":[],"_links":{"self":[{"href":"https:\/\/beta.alpscigar.com\/zh\/wp-json\/wp\/v2\/product\/14888"}],"collection":[{"href":"https:\/\/beta.alpscigar.com\/zh\/wp-json\/wp\/v2\/product"}],"about":[{"href":"https:\/\/beta.alpscigar.com\/zh\/wp-json\/wp\/v2\/types\/product"}],"wp:featuredmedia":[{"embeddable":true,"href":"https:\/\/beta.alpscigar.com\/zh\/wp-json\/wp\/v2\/media\/14890"}],"wp:attachment":[{"href":"https:\/\/beta.alpscigar.com\/zh\/wp-json\/wp\/v2\/media?parent=14888"}],"wp:term":[{"taxonomy":"product_cat","embeddable":true,"href":"https:\/\/beta.alpscigar.com\/zh\/wp-json\/wp\/v2\/product_cat?post=14888"},{"taxonomy":"product_tag","embeddable":true,"href":"https:\/\/beta.alpscigar.com\/zh\/wp-json\/wp\/v2\/product_tag?post=14888"}],"curies":[{"name":"wp","href":"https:\/\/api.w.org\/{rel}","templated":true}]}}