{"id":14984,"date":"2019-10-03T17:00:10","date_gmt":"2019-10-03T16:00:10","guid":{"rendered":"https:\/\/cigarpassion.ch\/?post_type=product&#038;p=9425"},"modified":"2025-01-20T09:08:08","modified_gmt":"2025-01-20T08:08:08","slug":"cohiba-short-10","status":"publish","type":"product","link":"https:\/\/beta.alpscigar.com\/zh\/shop\/\u672c\u5468\u4f18\u60e0\/cuba\/cohiba-short-10\/","title":{"rendered":"\u9ad8\u5e0c\u9738\u77ed 1\uff0810 x 10\uff09"},"content":{"rendered":"<p>Avec une longueur de 82 mm et un diam\u00e8tre de 10.6 mm le nouveau <strong>Cohiba Short est un super cigarillo !<\/strong> Gr\u00e2ce \u00e0 ce nouveau format, le blending Cohiba version cigarillos s&rsquo;exprime encore mieux et offre un intense moment de plaisir. <strong>N&rsquo;h\u00e9sitez pas \u00e0 essayer ce nouveau cigarillo pr\u00e9sent\u00e9 dans un packaging inventif \u00e0 10 cigarillos.<br \/>\n<\/strong>1 \u76d2 10 \u5305\uff0c\u5185\u542b 10 \u652f\u96ea\u8304\u3002<\/p>\n<p>Compos\u00e9 \u00e0 100% de tabacs cubains. Dur\u00e9e 10-15 minutes.<\/p>","protected":false},"excerpt":{"rendered":"<p>1 \u76d2 10 \u5305\uff0c\u5185\u542b 10 \u652f\u96ea\u8304\u3002<\/p>","protected":false},"featured_media":14985,"template":"","meta":{"_acf_changed":false},"product_cat":[29739,24791,24638,21990,24718,40,830],"product_tag":[21317,1903,2095,1953],"bundled_by":["95239"],"bundle_stock_status":"outofstock","bundle_stock_quantity":0,"bundle_virtual":false,"bundle_layout":"","bundle_add_to_cart_form_location":"","bundle_editable_in_cart":false,"bundle_sold_individually_context":"","bundle_item_grouping":"","bundle_min_size":"","bundle_max_size":"","bundled_items":[],"acf":[],"_links":{"self":[{"href":"https:\/\/beta.alpscigar.com\/zh\/wp-json\/wp\/v2\/product\/14984"}],"collection":[{"href":"https:\/\/beta.alpscigar.com\/zh\/wp-json\/wp\/v2\/product"}],"about":[{"href":"https:\/\/beta.alpscigar.com\/zh\/wp-json\/wp\/v2\/types\/product"}],"wp:featuredmedia":[{"embeddable":true,"href":"https:\/\/beta.alpscigar.com\/zh\/wp-json\/wp\/v2\/media\/14985"}],"wp:attachment":[{"href":"https:\/\/beta.alpscigar.com\/zh\/wp-json\/wp\/v2\/media?parent=14984"}],"wp:term":[{"taxonomy":"product_cat","embeddable":true,"href":"https:\/\/beta.alpscigar.com\/zh\/wp-json\/wp\/v2\/product_cat?post=14984"},{"taxonomy":"product_tag","embeddable":true,"href":"https:\/\/beta.alpscigar.com\/zh\/wp-json\/wp\/v2\/product_tag?post=14984"}],"curies":[{"name":"wp","href":"https:\/\/api.w.org\/{rel}","templated":true}]}}