{"id":15068,"date":"2018-03-29T10:27:21","date_gmt":"2018-03-29T09:27:21","guid":{"rendered":"https:\/\/mkulcarx.preview.infomaniak.website\/produit\/cohiba-robustos-a-t-3\/"},"modified":"2025-05-29T14:13:24","modified_gmt":"2025-05-29T13:13:24","slug":"cohiba-robustos-tubos-5x3","status":"publish","type":"product","link":"https:\/\/beta.alpscigar.com\/zh\/shop\/cigares-cubains\/cohiba\/cohiba-robustos-tubos-5x3\/","title":{"rendered":"Cohiba Robustos Tubos (5&#215;3)"},"content":{"rendered":"<p>Cohiba nous pr\u00e9sente un Robusto exceptionnel, recouvert d&rsquo;une cape impeccable, la pr\u00e9sentation est parfaite, une magnifique harmonie visuelle. D\u00e8s l&rsquo;allumage, la puissance monte graduellement, la fum\u00e9e est ample \u00e9voquant des touches de bois pr\u00e9cieux et d&rsquo;humus. <strong>Le tirage du Cohiba Robustos Tubos s&rsquo;av\u00e8re impeccable et la combustion parfaite, signe d&rsquo;une excellente construction.<\/strong> En deuxi\u00e8me tiers de d\u00e9gustation, la palette aromatique \u00e9volue vers des notes poivr\u00e9es et de clous de girofle. Le final confirme un \u00e9quilibre puissance-ar\u00f4mes exemplaire.<\/p>","protected":false},"excerpt":{"rendered":"<p>5 bo\u00eetes de 3 cigares en tubes.<\/p>","protected":false},"featured_media":52479,"template":"","meta":{"_acf_changed":false},"product_cat":[29815,24791,24638,40,830],"product_tag":[],"bundled_by":[],"bundle_stock_status":"instock","bundle_stock_quantity":1,"bundle_virtual":false,"bundle_layout":"","bundle_add_to_cart_form_location":"","bundle_editable_in_cart":false,"bundle_sold_individually_context":"","bundle_item_grouping":"","bundle_min_size":"","bundle_max_size":"","bundled_items":[],"acf":[],"_links":{"self":[{"href":"https:\/\/beta.alpscigar.com\/zh\/wp-json\/wp\/v2\/product\/15068"}],"collection":[{"href":"https:\/\/beta.alpscigar.com\/zh\/wp-json\/wp\/v2\/product"}],"about":[{"href":"https:\/\/beta.alpscigar.com\/zh\/wp-json\/wp\/v2\/types\/product"}],"wp:featuredmedia":[{"embeddable":true,"href":"https:\/\/beta.alpscigar.com\/zh\/wp-json\/wp\/v2\/media\/52479"}],"wp:attachment":[{"href":"https:\/\/beta.alpscigar.com\/zh\/wp-json\/wp\/v2\/media?parent=15068"}],"wp:term":[{"taxonomy":"product_cat","embeddable":true,"href":"https:\/\/beta.alpscigar.com\/zh\/wp-json\/wp\/v2\/product_cat?post=15068"},{"taxonomy":"product_tag","embeddable":true,"href":"https:\/\/beta.alpscigar.com\/zh\/wp-json\/wp\/v2\/product_tag?post=15068"}],"curies":[{"name":"wp","href":"https:\/\/api.w.org\/{rel}","templated":true}]}}