{"id":15088,"date":"2018-03-29T10:27:21","date_gmt":"2018-03-29T09:27:21","guid":{"rendered":"https:\/\/mkulcarx.preview.infomaniak.website\/produit\/cohiba-robustos-3-2\/"},"modified":"2023-11-07T17:56:16","modified_gmt":"2023-11-07T16:56:16","slug":"cohiba-robustos-5x3","status":"publish","type":"product","link":"https:\/\/beta.alpscigar.com\/zh\/shop\/cigares-cubains\/cohiba\/cohiba-robustos-5x3\/","title":{"rendered":"Cohiba Robustos (5&#215;3)"},"content":{"rendered":"<p><strong>La marque de cigare num\u00e9ro\u00a01 \u00e0 Cuba est sans nul doute Cohiba en raison de l\u2019exceptionnelle qualit\u00e9 du tabac utilis\u00e9 dans sa composition.<\/strong> Par ailleurs, le module Robusto est de loin le pr\u00e9f\u00e9r\u00e9 des grands connaisseurs avec sa longueur de 124 mm pour son diam\u00e8tre de 19.84mm (cepo 50).<\/p>\n<p>C\u2019est celui qui permet de mieux ressentir les ar\u00f4mes du cigare. La\u00a0d\u00e9gustation\u00a0avant allumage fait ressortir des ar\u00f4mes insistants de terre et de vanille au niveau du pied. Lorsqu\u2019on tire \u00e0 froid sur le cigare, une l\u00e9g\u00e8re saveur sal\u00e9e s\u2019accroche aux l\u00e8vres et des notes de miel de sarrasin, l\u00e9g\u00e8rement piquantes, se diffusent en bouche.<\/p>\n<p>Une fois un Cohiba Robusto allum\u00e9, la perfection du tirage se poursuit tout le long du cigare, lib\u00e9rant une fum\u00e9e \u00e9paisse et abondante, \u00e0 la texture cr\u00e9meuse propre aux Cohiba. La saveur cors\u00e9e du miel noir domine le premier tiers. Le fameux go\u00fbt de l\u2019herbe caract\u00e9ristique de tous les Cohiba fait son apparition d\u00e8s le premier tirage bien que le bouquet aromatique ne soit que l\u00e9g\u00e8rement perceptible. Les sensations olfactives se poursuivent sur un go\u00fbt cr\u00e9meux et terreux pour finir sur une nuance poivr\u00e9e. Dans le 2\u00e8me tiers, le cigare devient plus complexe puisqu\u2019il associe bois, caramel, miel et c\u00e8dre. Toutes ces saveurs se marient dans une compl\u00e8te harmonie. Le 3e tiers se caract\u00e9rise par de copieux ar\u00f4mes de cacao et de cuir.<\/p>","protected":false},"excerpt":{"rendered":"<p><span>5 bo\u00eetes de 3 cigares.<\/span><\/p>","protected":false},"featured_media":52480,"template":"","meta":{"_acf_changed":false},"product_cat":[24791,40,830],"product_tag":[],"bundled_by":[],"bundle_stock_status":"instock","bundle_stock_quantity":15,"bundle_virtual":false,"bundle_layout":"","bundle_add_to_cart_form_location":"","bundle_editable_in_cart":false,"bundle_sold_individually_context":"","bundle_item_grouping":"","bundle_min_size":"","bundle_max_size":"","bundled_items":[],"acf":[],"_links":{"self":[{"href":"https:\/\/beta.alpscigar.com\/zh\/wp-json\/wp\/v2\/product\/15088"}],"collection":[{"href":"https:\/\/beta.alpscigar.com\/zh\/wp-json\/wp\/v2\/product"}],"about":[{"href":"https:\/\/beta.alpscigar.com\/zh\/wp-json\/wp\/v2\/types\/product"}],"wp:featuredmedia":[{"embeddable":true,"href":"https:\/\/beta.alpscigar.com\/zh\/wp-json\/wp\/v2\/media\/52480"}],"wp:attachment":[{"href":"https:\/\/beta.alpscigar.com\/zh\/wp-json\/wp\/v2\/media?parent=15088"}],"wp:term":[{"taxonomy":"product_cat","embeddable":true,"href":"https:\/\/beta.alpscigar.com\/zh\/wp-json\/wp\/v2\/product_cat?post=15088"},{"taxonomy":"product_tag","embeddable":true,"href":"https:\/\/beta.alpscigar.com\/zh\/wp-json\/wp\/v2\/product_tag?post=15088"}],"curies":[{"name":"wp","href":"https:\/\/api.w.org\/{rel}","templated":true}]}}