{"id":15147,"date":"2018-03-29T10:28:07","date_gmt":"2018-03-29T09:28:07","guid":{"rendered":"https:\/\/mkulcarx.preview.infomaniak.website\/produit\/partagas-mille-fleurs-10-2\/"},"modified":"2023-11-04T00:13:17","modified_gmt":"2023-11-03T23:13:17","slug":"partagas-mille-fleurs-10-2","status":"publish","type":"product","link":"https:\/\/beta.alpscigar.com\/zh\/shop\/cigares-cubains\/partagas\/partagas-mille-fleurs-10-2\/","title":{"rendered":"Partagas Mille Fleurs (10)"},"content":{"rendered":"<p><strong>Le Partagas Mille Fleurs est un petit cigare \u00e0 d\u00e9guster absolument.<\/strong> Dot\u00e9 d&rsquo;une tr\u00e8s bonne combustion, le cigare \u00e9volue avec une rondeur remarquable. Le tempo est ma\u00eetris\u00e9, la palette gustative \u00e9volue entre le sous-bois et des notes animales, sans une once de brutalit\u00e9 malgr\u00e9 la mont\u00e9e en puissance finale.<\/p>","protected":false},"excerpt":{"rendered":"<p>\u6bcf\u76d2 10 \u652f\u96ea\u8304\u3002<\/p>","protected":false},"featured_media":6530,"template":"","meta":{"_acf_changed":false},"product_cat":[24791,40,14862],"product_tag":[],"bundled_by":[],"bundle_stock_status":"outofstock","bundle_stock_quantity":0,"bundle_virtual":false,"bundle_layout":"","bundle_add_to_cart_form_location":"","bundle_editable_in_cart":false,"bundle_sold_individually_context":"","bundle_item_grouping":"","bundle_min_size":"","bundle_max_size":"","bundled_items":[],"acf":[],"_links":{"self":[{"href":"https:\/\/beta.alpscigar.com\/zh\/wp-json\/wp\/v2\/product\/15147"}],"collection":[{"href":"https:\/\/beta.alpscigar.com\/zh\/wp-json\/wp\/v2\/product"}],"about":[{"href":"https:\/\/beta.alpscigar.com\/zh\/wp-json\/wp\/v2\/types\/product"}],"wp:featuredmedia":[{"embeddable":true,"href":"https:\/\/beta.alpscigar.com\/zh\/wp-json\/wp\/v2\/media\/6530"}],"wp:attachment":[{"href":"https:\/\/beta.alpscigar.com\/zh\/wp-json\/wp\/v2\/media?parent=15147"}],"wp:term":[{"taxonomy":"product_cat","embeddable":true,"href":"https:\/\/beta.alpscigar.com\/zh\/wp-json\/wp\/v2\/product_cat?post=15147"},{"taxonomy":"product_tag","embeddable":true,"href":"https:\/\/beta.alpscigar.com\/zh\/wp-json\/wp\/v2\/product_tag?post=15147"}],"curies":[{"name":"wp","href":"https:\/\/api.w.org\/{rel}","templated":true}]}}