{"id":15159,"date":"2018-03-29T10:27:59","date_gmt":"2018-03-29T09:27:59","guid":{"rendered":"https:\/\/mkulcarx.preview.infomaniak.website\/produit\/partagas-serie-d-no-4-sbn-10-2\/"},"modified":"2023-12-18T15:18:57","modified_gmt":"2023-12-18T14:18:57","slug":"partagas-serie-d-no-4-sbn-10","status":"publish","type":"product","link":"https:\/\/beta.alpscigar.com\/zh\/shop\/cigares-cubains\/partagas\/partagas-serie-d-no-4-sbn-10\/","title":{"rendered":"Partagas S\u00e9rie D No. 4 SBN (10)"},"content":{"rendered":"<p>Le cigare Partagas S\u00e9rie D N\u00b0 4 est le module Robusto de la c\u00e9l\u00e8bre marque Partagas.\u00a0 Il est probablement le cigare cubain le plus fum\u00e9 \u00e0 travers le monde avec le Montecristo N\u00b04.<\/p>\n<p>\u00c0 la d\u00e9gustation, le Partagas S\u00e9rie D N\u00b0 4 d\u00e9marre en trombe avec des ar\u00f4mes de c\u00e8dre et de poivre qui s\u2019entrem\u00ealent avec brio. La puissance est au rendez-vous d\u00e8s le premier tiers.<\/p>\n<p>Le c\u00f4t\u00e9 bois\u00e9 laisse la place \u00e0 des notes plus terreuses, plus viriles avec un final rassasiant et cors\u00e9 avec quelques notes finales de cacao qui sont les bienvenues.Ce cigare a une longueur de 124 mm et un diam\u00e8tre de 19.84 mm et il vous prendra environ 45 \u00e0 60 minutes pour le fumer.<\/p>\n<p>Le Partagas S\u00e9rie D N\u00b0 4 est disponible sous plusieurs conditionnements, en bo\u00eete de 10 ou 25 cigares mais \u00e9galement en \u00e9tui de 3 cigares conditionn\u00e9s en tube en aluminium.\u00a0Dans cette s\u00e9rie D de chez Partagas, vous pouvez aussi essayer le S\u00e9rie D N\u00b0 5 ainsi que le S\u00e9rie D N\u00b0 6 qui sont les petits fr\u00e8res du Partagas S\u00e9rie D N\u00b0 4 mais qui ne manquent pas de caract\u00e8re.<\/p>\n<p>Plus ancienne manufacture de cigares \u00e0 Cuba, Partagas fut fond\u00e9e en 1845 par Don Jaime Partagas Ravelo lorsqu&rsquo;il quitta l&rsquo;Espagne pour La Havane. Propri\u00e9taire de plusieurs fermes tabacoles dans la Vuelta Abajo, terroir reconnu comme le \u00ab\u00a0grand cru\u00a0\u00bb des tabacs dans le monde, Don Jaime avait en main la meilleure mati\u00e8re premi\u00e8re pour produire des cigares d&rsquo;excellence. Tr\u00e8s vite le succ\u00e8s fut au rendez-vous et nombre d&rsquo;aristocrates de toutes nationalit\u00e9s compt\u00e8rent parmi ses clients fid\u00e8les, au point que la manufacture a failli \u00eatre rebaptis\u00e9e \u00ab\u00a0Manufacture Royale\u00a0\u00bb.<\/p>\n<p>Sous l&rsquo;\u00e9lan avant-gardiste de son fondateur, Partagas fut la premi\u00e8re manufacture \u00e0 exp\u00e9rimenter les diff\u00e9rentes techniques de fermentation et fut \u00e9galement la premi\u00e8re \u00e0 avoir recours aux services d&rsquo;un \u00ab\u00a0lecteur\u00a0\u00bb, rendant le travail des torcedors moins monotone et surtout contribuant \u00e0 la culture et l&rsquo;\u00e9ducation de ses employ\u00e9s. \u00c0 la suite du d\u00e9c\u00e8s de Don Jaime Partagas Ravelo, la manufacture connu plusieurs changements de propri\u00e9taires jusqu&rsquo;\u00e0 \u00eatre la propri\u00e9t\u00e9 de la famille Cifuentes en 1940. Suite \u00e0 la r\u00e9volution Cubaine et au d\u00e9part de ses propri\u00e9taires en 1961, Partagas resta une des plus importantes manufactures avec Montecristo et Romeo y Julieta, couvrant \u00e0 elle seule pr\u00e8s de 25% de la production Cubaine.<\/p>","protected":false},"excerpt":{"rendered":"<p><span>\u6bcf\u76d2 10 \u652f\u96ea\u8304\u3002<\/span><\/p>","protected":false},"featured_media":15160,"template":"","meta":{"_acf_changed":false},"product_cat":[24791,24638,40,14862],"product_tag":[],"bundled_by":[],"bundle_stock_status":"instock","bundle_stock_quantity":17,"bundle_virtual":false,"bundle_layout":"","bundle_add_to_cart_form_location":"","bundle_editable_in_cart":false,"bundle_sold_individually_context":"","bundle_item_grouping":"","bundle_min_size":"","bundle_max_size":"","bundled_items":[],"acf":[],"_links":{"self":[{"href":"https:\/\/beta.alpscigar.com\/zh\/wp-json\/wp\/v2\/product\/15159"}],"collection":[{"href":"https:\/\/beta.alpscigar.com\/zh\/wp-json\/wp\/v2\/product"}],"about":[{"href":"https:\/\/beta.alpscigar.com\/zh\/wp-json\/wp\/v2\/types\/product"}],"wp:featuredmedia":[{"embeddable":true,"href":"https:\/\/beta.alpscigar.com\/zh\/wp-json\/wp\/v2\/media\/15160"}],"wp:attachment":[{"href":"https:\/\/beta.alpscigar.com\/zh\/wp-json\/wp\/v2\/media?parent=15159"}],"wp:term":[{"taxonomy":"product_cat","embeddable":true,"href":"https:\/\/beta.alpscigar.com\/zh\/wp-json\/wp\/v2\/product_cat?post=15159"},{"taxonomy":"product_tag","embeddable":true,"href":"https:\/\/beta.alpscigar.com\/zh\/wp-json\/wp\/v2\/product_tag?post=15159"}],"curies":[{"name":"wp","href":"https:\/\/api.w.org\/{rel}","templated":true}]}}