{"id":15173,"date":"2018-03-29T10:27:59","date_gmt":"2018-03-29T09:27:59","guid":{"rendered":"https:\/\/mkulcarx.preview.infomaniak.website\/produit\/partagas-culebras-9-2\/"},"modified":"2023-10-10T17:18:08","modified_gmt":"2023-10-10T16:18:08","slug":"partagas-culebras-9","status":"publish","type":"product","link":"https:\/\/beta.alpscigar.com\/zh\/shop\/cigares-cubains\/partagas\/partagas-culebras-9\/","title":{"rendered":"Partagas Culebras (9)"},"content":{"rendered":"<p>De retour apr\u00e8s une longue absence, le Partagas Culebras a \u00e9t\u00e9 r\u00e9introduit il y a peu de temps par Habanos pour les distributeurs Casa del Habano. <span style=\"font-size: 14.4px;\">Un format sp\u00e9cial qui est simplement amusant.\u00a0<\/span><span style=\"font-size: 14.4px;\">Ar\u00f4mes de chocolat et de cuir avec des notes terreuses.<\/span><\/p>","protected":false},"excerpt":{"rendered":"<p>Bo\u00eete de 9 cigares.<\/p>","protected":false},"featured_media":18048,"template":"","meta":{"_acf_changed":false},"product_cat":[24791,40,14862],"product_tag":[],"bundled_by":[],"bundle_stock_status":"outofstock","bundle_stock_quantity":0,"bundle_virtual":false,"bundle_layout":"","bundle_add_to_cart_form_location":"","bundle_editable_in_cart":false,"bundle_sold_individually_context":"","bundle_item_grouping":"","bundle_min_size":"","bundle_max_size":"","bundled_items":[],"acf":[],"_links":{"self":[{"href":"https:\/\/beta.alpscigar.com\/zh\/wp-json\/wp\/v2\/product\/15173"}],"collection":[{"href":"https:\/\/beta.alpscigar.com\/zh\/wp-json\/wp\/v2\/product"}],"about":[{"href":"https:\/\/beta.alpscigar.com\/zh\/wp-json\/wp\/v2\/types\/product"}],"wp:featuredmedia":[{"embeddable":true,"href":"https:\/\/beta.alpscigar.com\/zh\/wp-json\/wp\/v2\/media\/18048"}],"wp:attachment":[{"href":"https:\/\/beta.alpscigar.com\/zh\/wp-json\/wp\/v2\/media?parent=15173"}],"wp:term":[{"taxonomy":"product_cat","embeddable":true,"href":"https:\/\/beta.alpscigar.com\/zh\/wp-json\/wp\/v2\/product_cat?post=15173"},{"taxonomy":"product_tag","embeddable":true,"href":"https:\/\/beta.alpscigar.com\/zh\/wp-json\/wp\/v2\/product_tag?post=15173"}],"curies":[{"name":"wp","href":"https:\/\/api.w.org\/{rel}","templated":true}]}}