{"id":15209,"date":"2018-03-29T10:27:59","date_gmt":"2018-03-29T09:27:59","guid":{"rendered":"https:\/\/mkulcarx.preview.infomaniak.website\/produit\/partagas-serie-e-no-2-sbn-5-2\/"},"modified":"2023-12-05T12:36:58","modified_gmt":"2023-12-05T11:36:58","slug":"partagas-serie-e-no-2-sbn-5","status":"publish","type":"product","link":"https:\/\/beta.alpscigar.com\/zh\/shop\/cigares-cubains\/partagas\/partagas-serie-e-no-2-sbn-5\/","title":{"rendered":"Partagas Serie E No. 2 SBN (5)"},"content":{"rendered":"<p>Le Partagas Serie E No. 2 est le nouveau venu de chez Partagas. Ce cigare imposant au diam\u00e8tre de 21.15 mm est un gros module \u00e0 la cape grasse et soyeuse. A cru, le cigare d\u00e9livre des notes bois\u00e9es. Les premi\u00e8res bouff\u00e9es attestent ce c\u00f4t\u00e9 bois\u00e9, un peu \u00e9pic\u00e9. La puissance monte rapidement malgr\u00e9 le diam\u00e8tre imposant. La fum\u00e9e gourmande, combine des ar\u00f4mes de noix, noisettes et fruits secs. Le fumage confirme la puissante charpente ainsi que la complexit\u00e9 des ar\u00f4mes.<\/p>","protected":false},"excerpt":{"rendered":"<p>Bo\u00eete de 5 cigares.<\/p>","protected":false},"featured_media":6512,"template":"","meta":{"_acf_changed":false},"product_cat":[24791,40,14862],"product_tag":[],"bundled_by":[],"bundle_stock_status":"outofstock","bundle_stock_quantity":0,"bundle_virtual":false,"bundle_layout":"","bundle_add_to_cart_form_location":"","bundle_editable_in_cart":false,"bundle_sold_individually_context":"","bundle_item_grouping":"","bundle_min_size":"","bundle_max_size":"","bundled_items":[],"acf":[],"_links":{"self":[{"href":"https:\/\/beta.alpscigar.com\/zh\/wp-json\/wp\/v2\/product\/15209"}],"collection":[{"href":"https:\/\/beta.alpscigar.com\/zh\/wp-json\/wp\/v2\/product"}],"about":[{"href":"https:\/\/beta.alpscigar.com\/zh\/wp-json\/wp\/v2\/types\/product"}],"wp:featuredmedia":[{"embeddable":true,"href":"https:\/\/beta.alpscigar.com\/zh\/wp-json\/wp\/v2\/media\/6512"}],"wp:attachment":[{"href":"https:\/\/beta.alpscigar.com\/zh\/wp-json\/wp\/v2\/media?parent=15209"}],"wp:term":[{"taxonomy":"product_cat","embeddable":true,"href":"https:\/\/beta.alpscigar.com\/zh\/wp-json\/wp\/v2\/product_cat?post=15209"},{"taxonomy":"product_tag","embeddable":true,"href":"https:\/\/beta.alpscigar.com\/zh\/wp-json\/wp\/v2\/product_tag?post=15209"}],"curies":[{"name":"wp","href":"https:\/\/api.w.org\/{rel}","templated":true}]}}