{"id":15361,"date":"2018-03-29T10:27:44","date_gmt":"2018-03-29T09:27:44","guid":{"rendered":"https:\/\/mkulcarx.preview.infomaniak.website\/produit\/montecristo-no-5-10-2\/"},"modified":"2023-12-18T07:21:45","modified_gmt":"2023-12-18T06:21:45","slug":"montecristo-no-5-10","status":"publish","type":"product","link":"https:\/\/beta.alpscigar.com\/zh\/shop\/\u672c\u5468\u4f18\u60e0\/cuba\/montecristo-no-5-10\/","title":{"rendered":"Montecristo No."},"content":{"rendered":"<p>Le <strong>Montecristo No. 5<\/strong> est le plus \u00ab\u00a0petit\u00a0\u00bb des Montecristo, mais il ne doit pas \u00eatre sous-estim\u00e9 pour autant. Ce cigare au format Tr\u00e8s Petit Corona a un caract\u00e8re imp\u00e9tueux, presque agressif. Lors de la d\u00e9gustation, ce cigare nous r\u00e9compense par des notes de bois et d&rsquo;\u00e9pices typiques de la marque, qui sont en outre \u00e9quilibr\u00e9es, propres et intenses.<\/p>\n<p>Le cigare Montecristo No. 5 au format Tr\u00e8s Petit Corona mesure 102 mm de longueur pour 15,87 mm de diam\u00e8tre. Il vous faudra une vingtaine de minutes pour le d\u00e9gust\u00e9 convenablement.<\/p>","protected":false},"excerpt":{"rendered":"<p>\u6bcf\u76d2 10 \u652f\u96ea\u8304\u3002<\/p>","protected":false},"featured_media":18026,"template":"","meta":{"_acf_changed":false},"product_cat":[24791,24638,21990,24718,40,14865,20975],"product_tag":[],"bundled_by":[],"bundle_stock_status":"instock","bundle_stock_quantity":63,"bundle_virtual":false,"bundle_layout":"","bundle_add_to_cart_form_location":"","bundle_editable_in_cart":false,"bundle_sold_individually_context":"","bundle_item_grouping":"","bundle_min_size":"","bundle_max_size":"","bundled_items":[],"acf":[],"_links":{"self":[{"href":"https:\/\/beta.alpscigar.com\/zh\/wp-json\/wp\/v2\/product\/15361"}],"collection":[{"href":"https:\/\/beta.alpscigar.com\/zh\/wp-json\/wp\/v2\/product"}],"about":[{"href":"https:\/\/beta.alpscigar.com\/zh\/wp-json\/wp\/v2\/types\/product"}],"wp:featuredmedia":[{"embeddable":true,"href":"https:\/\/beta.alpscigar.com\/zh\/wp-json\/wp\/v2\/media\/18026"}],"wp:attachment":[{"href":"https:\/\/beta.alpscigar.com\/zh\/wp-json\/wp\/v2\/media?parent=15361"}],"wp:term":[{"taxonomy":"product_cat","embeddable":true,"href":"https:\/\/beta.alpscigar.com\/zh\/wp-json\/wp\/v2\/product_cat?post=15361"},{"taxonomy":"product_tag","embeddable":true,"href":"https:\/\/beta.alpscigar.com\/zh\/wp-json\/wp\/v2\/product_tag?post=15361"}],"curies":[{"name":"wp","href":"https:\/\/api.w.org\/{rel}","templated":true}]}}