{"id":15367,"date":"2018-03-29T10:27:37","date_gmt":"2018-03-29T09:27:37","guid":{"rendered":"https:\/\/mkulcarx.preview.infomaniak.website\/produit\/montecristo-open-junior-a-t-3\/"},"modified":"2023-10-11T10:59:08","modified_gmt":"2023-10-11T09:59:08","slug":"montecristo-open-junior-a-t-3","status":"publish","type":"product","link":"https:\/\/beta.alpscigar.com\/zh\/shop\/cigares-cubains\/montecristo\/montecristo-linea-open\/montecristo-open-junior-a-t-3\/","title":{"rendered":"Montecristo Open Junior A\/T (3)"},"content":{"rendered":"<p>Le cigare Montecristo Open Junior A\/T est un tr\u00e8s petit Corona ou plus exactement un Trabucos, tr\u00e8s proche en taille du No. 5 de la marque. Un petit cigare parfaitement roul\u00e9 dans une cape assez fonc\u00e9e. L\u2019embrasement est rapide et facile, la fum\u00e9e offre des notes de cuir et de ch\u00eane. Le tirage est parfait et confirme la bonne construction de ce cigare. Un petit cigare plein de caract\u00e8re.<\/p>","protected":false},"excerpt":{"rendered":"<p>1 bo\u00eetes de 3 cigares en tube.<\/p>","protected":false},"featured_media":15370,"template":"","meta":{"_acf_changed":false},"product_cat":[24791,40,14865,20979],"product_tag":[],"bundled_by":[],"bundle_stock_status":"outofstock","bundle_stock_quantity":0,"bundle_virtual":false,"bundle_layout":"","bundle_add_to_cart_form_location":"","bundle_editable_in_cart":false,"bundle_sold_individually_context":"","bundle_item_grouping":"","bundle_min_size":"","bundle_max_size":"","bundled_items":[],"acf":[],"_links":{"self":[{"href":"https:\/\/beta.alpscigar.com\/zh\/wp-json\/wp\/v2\/product\/15367"}],"collection":[{"href":"https:\/\/beta.alpscigar.com\/zh\/wp-json\/wp\/v2\/product"}],"about":[{"href":"https:\/\/beta.alpscigar.com\/zh\/wp-json\/wp\/v2\/types\/product"}],"wp:featuredmedia":[{"embeddable":true,"href":"https:\/\/beta.alpscigar.com\/zh\/wp-json\/wp\/v2\/media\/15370"}],"wp:attachment":[{"href":"https:\/\/beta.alpscigar.com\/zh\/wp-json\/wp\/v2\/media?parent=15367"}],"wp:term":[{"taxonomy":"product_cat","embeddable":true,"href":"https:\/\/beta.alpscigar.com\/zh\/wp-json\/wp\/v2\/product_cat?post=15367"},{"taxonomy":"product_tag","embeddable":true,"href":"https:\/\/beta.alpscigar.com\/zh\/wp-json\/wp\/v2\/product_tag?post=15367"}],"curies":[{"name":"wp","href":"https:\/\/api.w.org\/{rel}","templated":true}]}}