{"id":15379,"date":"2018-03-29T10:27:37","date_gmt":"2018-03-29T09:27:37","guid":{"rendered":"https:\/\/mkulcarx.preview.infomaniak.website\/produit\/montecristo-especial-sbn-25-2\/"},"modified":"2023-09-25T14:32:45","modified_gmt":"2023-09-25T13:32:45","slug":"montecristo-especial-sbn-25","status":"publish","type":"product","link":"https:\/\/beta.alpscigar.com\/zh\/shop\/cigares-cubains\/montecristo\/montecristo-especial-sbn-25\/","title":{"rendered":"Montecristo Especial SBN (25)"},"content":{"rendered":"<p>Le Montecristo Especial livre une tr\u00e8s int\u00e9ressante palette aromatique, d\u00e9ployant rapidement un bouquet de cuir, de terre humide, de poivre vert et de caf\u00e9. Un cigare bien balanc\u00e9 au deuxi\u00e8me tiers, souple, moelleux, souvent suave. Une belle pr\u00e9sence. Le final est somptueux, avec une relance de notes d&rsquo;\u00e9pices. Le Montecristo Especial se classe dans les grandes productions cubaines.<\/p>","protected":false},"excerpt":{"rendered":"<p>\u6bcf\u76d2 25 \u652f\u3002<\/p>","protected":false},"featured_media":6453,"template":"","meta":{"_acf_changed":false},"product_cat":[24791,40,14865],"product_tag":[],"bundled_by":[],"bundle_stock_status":"outofstock","bundle_stock_quantity":0,"bundle_virtual":false,"bundle_layout":"","bundle_add_to_cart_form_location":"","bundle_editable_in_cart":false,"bundle_sold_individually_context":"","bundle_item_grouping":"","bundle_min_size":"","bundle_max_size":"","bundled_items":[],"acf":[],"_links":{"self":[{"href":"https:\/\/beta.alpscigar.com\/zh\/wp-json\/wp\/v2\/product\/15379"}],"collection":[{"href":"https:\/\/beta.alpscigar.com\/zh\/wp-json\/wp\/v2\/product"}],"about":[{"href":"https:\/\/beta.alpscigar.com\/zh\/wp-json\/wp\/v2\/types\/product"}],"wp:featuredmedia":[{"embeddable":true,"href":"https:\/\/beta.alpscigar.com\/zh\/wp-json\/wp\/v2\/media\/6453"}],"wp:attachment":[{"href":"https:\/\/beta.alpscigar.com\/zh\/wp-json\/wp\/v2\/media?parent=15379"}],"wp:term":[{"taxonomy":"product_cat","embeddable":true,"href":"https:\/\/beta.alpscigar.com\/zh\/wp-json\/wp\/v2\/product_cat?post=15379"},{"taxonomy":"product_tag","embeddable":true,"href":"https:\/\/beta.alpscigar.com\/zh\/wp-json\/wp\/v2\/product_tag?post=15379"}],"curies":[{"name":"wp","href":"https:\/\/api.w.org\/{rel}","templated":true}]}}