{"id":15479,"date":"2018-03-29T10:28:23","date_gmt":"2018-03-29T09:28:23","guid":{"rendered":"https:\/\/mkulcarx.preview.infomaniak.website\/produit\/romeo-petit-coronas-5-2\/"},"modified":"2023-09-26T07:11:31","modified_gmt":"2023-09-26T06:11:31","slug":"romeo-y-julieta-petit-coronas-5","status":"publish","type":"product","link":"https:\/\/beta.alpscigar.com\/zh\/shop\/cigares-cubains\/romeo-y-julieta\/romeo-y-julieta-petit-coronas-5\/","title":{"rendered":"Romeo Y Julieta Petit Coronas (5)"},"content":{"rendered":"<p>Le Romeo Y Julieta Petit Coronas a un go\u00fbt tr\u00e8s similaire \u00e0 son grand fr\u00e8re le Corona. Ce cigare est caract\u00e9ris\u00e9 par des ar\u00f4mes de tabac moyennement forts, accompagn\u00e9s de l\u00e9g\u00e8res notes terreuses et florales.<\/p>","protected":false},"excerpt":{"rendered":"<p>Bo\u00eete de 5 cigares.<\/p>","protected":false},"featured_media":18558,"template":"","meta":{"_acf_changed":false},"product_cat":[24791,40,20218],"product_tag":[],"bundled_by":[],"bundle_stock_status":"outofstock","bundle_stock_quantity":0,"bundle_virtual":false,"bundle_layout":"","bundle_add_to_cart_form_location":"","bundle_editable_in_cart":false,"bundle_sold_individually_context":"","bundle_item_grouping":"","bundle_min_size":"","bundle_max_size":"","bundled_items":[],"acf":[],"_links":{"self":[{"href":"https:\/\/beta.alpscigar.com\/zh\/wp-json\/wp\/v2\/product\/15479"}],"collection":[{"href":"https:\/\/beta.alpscigar.com\/zh\/wp-json\/wp\/v2\/product"}],"about":[{"href":"https:\/\/beta.alpscigar.com\/zh\/wp-json\/wp\/v2\/types\/product"}],"wp:featuredmedia":[{"embeddable":true,"href":"https:\/\/beta.alpscigar.com\/zh\/wp-json\/wp\/v2\/media\/18558"}],"wp:attachment":[{"href":"https:\/\/beta.alpscigar.com\/zh\/wp-json\/wp\/v2\/media?parent=15479"}],"wp:term":[{"taxonomy":"product_cat","embeddable":true,"href":"https:\/\/beta.alpscigar.com\/zh\/wp-json\/wp\/v2\/product_cat?post=15479"},{"taxonomy":"product_tag","embeddable":true,"href":"https:\/\/beta.alpscigar.com\/zh\/wp-json\/wp\/v2\/product_tag?post=15479"}],"curies":[{"name":"wp","href":"https:\/\/api.w.org\/{rel}","templated":true}]}}