{"id":15495,"date":"2018-03-29T10:28:15","date_gmt":"2018-03-29T09:28:15","guid":{"rendered":"https:\/\/mkulcarx.preview.infomaniak.website\/produit\/romeo-julieta-5-2\/"},"modified":"2023-09-26T07:54:50","modified_gmt":"2023-09-26T06:54:50","slug":"romeo-julieta-5","status":"publish","type":"product","link":"https:\/\/beta.alpscigar.com\/zh\/shop\/cigares-cubains\/romeo-y-julieta\/romeo-julieta-5\/","title":{"rendered":"Romeo Y Julieta Julieta (5)"},"content":{"rendered":"<p>Le Romeo Y Julieta Julieta est un petit cigare tr\u00e8s aromatique avec une excellente combustion. Il a \u00e9t\u00e9 cr\u00e9\u00e9 en l\u2019honneur des femmes pour leur r\u00f4le dans l\u2019histoire des Habanos. Fabriqu\u00e9 avec du tabac provenant de la r\u00e9gion de la Vuelta Abajo, il a toutes les caract\u00e9ristiques d\u2019un grand havane. Id\u00e9al lors de courts moments de d\u00e9tente.<\/p>","protected":false},"excerpt":{"rendered":"<p>Bo\u00eete de 5 cigares.<\/p>","protected":false},"featured_media":7046,"template":"","meta":{"_acf_changed":false},"product_cat":[24791,40,20218],"product_tag":[],"bundled_by":[],"bundle_stock_status":"outofstock","bundle_stock_quantity":0,"bundle_virtual":false,"bundle_layout":"","bundle_add_to_cart_form_location":"","bundle_editable_in_cart":false,"bundle_sold_individually_context":"","bundle_item_grouping":"","bundle_min_size":"","bundle_max_size":"","bundled_items":[],"acf":[],"_links":{"self":[{"href":"https:\/\/beta.alpscigar.com\/zh\/wp-json\/wp\/v2\/product\/15495"}],"collection":[{"href":"https:\/\/beta.alpscigar.com\/zh\/wp-json\/wp\/v2\/product"}],"about":[{"href":"https:\/\/beta.alpscigar.com\/zh\/wp-json\/wp\/v2\/types\/product"}],"wp:featuredmedia":[{"embeddable":true,"href":"https:\/\/beta.alpscigar.com\/zh\/wp-json\/wp\/v2\/media\/7046"}],"wp:attachment":[{"href":"https:\/\/beta.alpscigar.com\/zh\/wp-json\/wp\/v2\/media?parent=15495"}],"wp:term":[{"taxonomy":"product_cat","embeddable":true,"href":"https:\/\/beta.alpscigar.com\/zh\/wp-json\/wp\/v2\/product_cat?post=15495"},{"taxonomy":"product_tag","embeddable":true,"href":"https:\/\/beta.alpscigar.com\/zh\/wp-json\/wp\/v2\/product_tag?post=15495"}],"curies":[{"name":"wp","href":"https:\/\/api.w.org\/{rel}","templated":true}]}}