{"id":15569,"date":"2018-03-29T10:28:38","date_gmt":"2018-03-29T09:28:38","guid":{"rendered":"https:\/\/mkulcarx.preview.infomaniak.website\/produit\/cuaba-tradicionales-25-2\/"},"modified":"2023-09-06T06:40:39","modified_gmt":"2023-09-06T05:40:39","slug":"cuaba-tradicionales-25","status":"publish","type":"product","link":"https:\/\/beta.alpscigar.com\/zh\/shop\/cigares-cubains\/cuaba\/cuaba-tradicionales-25\/","title":{"rendered":"Cuaba Tradicionales (25)"},"content":{"rendered":"<p>Le module Cuaba Tradicionales est de belle pr\u00e9sentation avec son architecture bien \u00e0 lui, comme le reste de la gamme Cuaba. A l&rsquo;allumage, la vitole progresse lentement en puissance, d\u00e9livrant des notes de r\u00e9glisse et de foug\u00e8re avec une dominante d&rsquo;amande grill\u00e9e. Au deuxi\u00e8me tiers, ces ar\u00f4mes sont compl\u00e9t\u00e9s par des notes bois\u00e9es. Le final est stable et sans reproche.<\/p>","protected":false},"excerpt":{"rendered":"<p>\u6bcf\u76d2 25 \u652f\u3002<\/p>","protected":false},"featured_media":17678,"template":"","meta":{"_acf_changed":false},"product_cat":[24791,40,15311],"product_tag":[],"bundled_by":[],"bundle_stock_status":"outofstock","bundle_stock_quantity":0,"bundle_virtual":false,"bundle_layout":"","bundle_add_to_cart_form_location":"","bundle_editable_in_cart":false,"bundle_sold_individually_context":"","bundle_item_grouping":"","bundle_min_size":"","bundle_max_size":"","bundled_items":[],"acf":[],"_links":{"self":[{"href":"https:\/\/beta.alpscigar.com\/zh\/wp-json\/wp\/v2\/product\/15569"}],"collection":[{"href":"https:\/\/beta.alpscigar.com\/zh\/wp-json\/wp\/v2\/product"}],"about":[{"href":"https:\/\/beta.alpscigar.com\/zh\/wp-json\/wp\/v2\/types\/product"}],"wp:featuredmedia":[{"embeddable":true,"href":"https:\/\/beta.alpscigar.com\/zh\/wp-json\/wp\/v2\/media\/17678"}],"wp:attachment":[{"href":"https:\/\/beta.alpscigar.com\/zh\/wp-json\/wp\/v2\/media?parent=15569"}],"wp:term":[{"taxonomy":"product_cat","embeddable":true,"href":"https:\/\/beta.alpscigar.com\/zh\/wp-json\/wp\/v2\/product_cat?post=15569"},{"taxonomy":"product_tag","embeddable":true,"href":"https:\/\/beta.alpscigar.com\/zh\/wp-json\/wp\/v2\/product_tag?post=15569"}],"curies":[{"name":"wp","href":"https:\/\/api.w.org\/{rel}","templated":true}]}}