{"id":15573,"date":"2018-03-29T10:28:38","date_gmt":"2018-03-29T09:28:38","guid":{"rendered":"https:\/\/mkulcarx.preview.infomaniak.website\/produit\/cuaba-exclusivos-25-2\/"},"modified":"2023-09-25T13:55:35","modified_gmt":"2023-09-25T12:55:35","slug":"cuaba-exclusivos-25","status":"publish","type":"product","link":"https:\/\/beta.alpscigar.com\/zh\/shop\/cigares-cubains\/cuaba\/cuaba-exclusivos-25\/","title":{"rendered":"Cuaba Exclusivos (25)"},"content":{"rendered":"<p>Le Cuaba Exclusivos est un tr\u00e8s beau Figurado dans la plus pure tradition architecturale de Cuaba. Le Cuaba Exclusivos distille \u00e0 cru un go\u00fbt de chocolat. \u00c0 l&rsquo;allumage, la tonalit\u00e9 aromatique se fait riche avec des notes de mousse humide, de foug\u00e8re, d&rsquo;herbe fra\u00eechement coup\u00e9e. La palette aromatique s&rsquo;\u00e9largit au poivre gris et au bois exotique. La puissance est douce.<\/p>","protected":false},"excerpt":{"rendered":"<p>\u6bcf\u76d2 25 \u652f\u3002<\/p>","protected":false},"featured_media":17676,"template":"","meta":{"_acf_changed":false},"product_cat":[24791,40,15311],"product_tag":[],"bundled_by":[],"bundle_stock_status":"outofstock","bundle_stock_quantity":0,"bundle_virtual":false,"bundle_layout":"","bundle_add_to_cart_form_location":"","bundle_editable_in_cart":false,"bundle_sold_individually_context":"","bundle_item_grouping":"","bundle_min_size":"","bundle_max_size":"","bundled_items":[],"acf":[],"_links":{"self":[{"href":"https:\/\/beta.alpscigar.com\/zh\/wp-json\/wp\/v2\/product\/15573"}],"collection":[{"href":"https:\/\/beta.alpscigar.com\/zh\/wp-json\/wp\/v2\/product"}],"about":[{"href":"https:\/\/beta.alpscigar.com\/zh\/wp-json\/wp\/v2\/types\/product"}],"wp:featuredmedia":[{"embeddable":true,"href":"https:\/\/beta.alpscigar.com\/zh\/wp-json\/wp\/v2\/media\/17676"}],"wp:attachment":[{"href":"https:\/\/beta.alpscigar.com\/zh\/wp-json\/wp\/v2\/media?parent=15573"}],"wp:term":[{"taxonomy":"product_cat","embeddable":true,"href":"https:\/\/beta.alpscigar.com\/zh\/wp-json\/wp\/v2\/product_cat?post=15573"},{"taxonomy":"product_tag","embeddable":true,"href":"https:\/\/beta.alpscigar.com\/zh\/wp-json\/wp\/v2\/product_tag?post=15573"}],"curies":[{"name":"wp","href":"https:\/\/api.w.org\/{rel}","templated":true}]}}