{"id":15577,"date":"2018-03-29T10:28:38","date_gmt":"2018-03-29T09:28:38","guid":{"rendered":"https:\/\/mkulcarx.preview.infomaniak.website\/produit\/cuaba-distinguidos-10-2\/"},"modified":"2023-12-15T18:47:06","modified_gmt":"2023-12-15T17:47:06","slug":"cuaba-distinguidos-10","status":"publish","type":"product","link":"https:\/\/beta.alpscigar.com\/zh\/shop\/cigares-cubains\/cuaba\/cuaba-distinguidos-10\/","title":{"rendered":"Cuaba Distinguidos (10)"},"content":{"rendered":"<p>Le Cuaba Dinstinguidos est un Figurado dot\u00e9 d&rsquo;une cape maduro l\u00e9g\u00e8rement grasse et offre un allumage facile. Les ar\u00f4mes se calent autour d&rsquo;une palette bois\u00e9e et v\u00e9g\u00e9tale tr\u00e8s harmonieuse. La vitole gagne rapidement lors de la d\u00e9gustation de la profondeur avec des touches de tourbe humide et de caf\u00e9 torr\u00e9fi\u00e9. Cette palette est agr\u00e9able et bien canalis\u00e9e.<\/p>\n<p>L&rsquo;intensit\u00e9 \u00e9volue agr\u00e9ablement d\u00e8s le milieu du deuxi\u00e8me tiers. La d\u00e9gustation s&rsquo;intensifie et devient plus agressive.<\/p>\n<p>Un bouquet final tr\u00e8s r\u00e9ussi.<\/p>\n<p>\u6bcf\u76d2 10 \u652f\u96ea\u8304\u3002<\/p>","protected":false},"excerpt":{"rendered":"<p>\u6bcf\u76d2 10 \u652f\u96ea\u8304\u3002<\/p>","protected":false},"featured_media":6605,"template":"","meta":{"_acf_changed":false},"product_cat":[24791,24638,40,15311],"product_tag":[],"bundled_by":[],"bundle_stock_status":"instock","bundle_stock_quantity":1,"bundle_virtual":false,"bundle_layout":"","bundle_add_to_cart_form_location":"","bundle_editable_in_cart":false,"bundle_sold_individually_context":"","bundle_item_grouping":"","bundle_min_size":"","bundle_max_size":"","bundled_items":[],"acf":[],"_links":{"self":[{"href":"https:\/\/beta.alpscigar.com\/zh\/wp-json\/wp\/v2\/product\/15577"}],"collection":[{"href":"https:\/\/beta.alpscigar.com\/zh\/wp-json\/wp\/v2\/product"}],"about":[{"href":"https:\/\/beta.alpscigar.com\/zh\/wp-json\/wp\/v2\/types\/product"}],"wp:featuredmedia":[{"embeddable":true,"href":"https:\/\/beta.alpscigar.com\/zh\/wp-json\/wp\/v2\/media\/6605"}],"wp:attachment":[{"href":"https:\/\/beta.alpscigar.com\/zh\/wp-json\/wp\/v2\/media?parent=15577"}],"wp:term":[{"taxonomy":"product_cat","embeddable":true,"href":"https:\/\/beta.alpscigar.com\/zh\/wp-json\/wp\/v2\/product_cat?post=15577"},{"taxonomy":"product_tag","embeddable":true,"href":"https:\/\/beta.alpscigar.com\/zh\/wp-json\/wp\/v2\/product_tag?post=15577"}],"curies":[{"name":"wp","href":"https:\/\/api.w.org\/{rel}","templated":true}]}}