{"id":15581,"date":"2018-03-29T10:28:38","date_gmt":"2018-03-29T09:28:38","guid":{"rendered":"https:\/\/mkulcarx.preview.infomaniak.website\/produit\/cuaba-salomones-10-2\/"},"modified":"2023-11-16T13:43:58","modified_gmt":"2023-11-16T12:43:58","slug":"cuaba-salomones-10","status":"publish","type":"product","link":"https:\/\/beta.alpscigar.com\/zh\/shop\/cigares-cubains\/cuaba\/cuaba-salomones-10\/","title":{"rendered":"Cuaba Salomones (10)"},"content":{"rendered":"<p>Le Cuaba Salomones est un tr\u00e8s beau Figurado pr\u00e9sent\u00e9 dans une cape maduro, au grain lisse et soyeux. A cru, il d\u00e9livre des ar\u00f4mes de suint et de chocolat. D\u00e8s l&rsquo;allumage, le Salomon se situe dans des registres aromatiques terreux et v\u00e9g\u00e9tal. La combustion est de qualit\u00e9 ce qui est le t\u00e9moin d&rsquo;une belle construction. Au deuxi\u00e8me tiers, la vitole \u00e9volue vers des tonalit\u00e9s de cuir avec quelques touches acidul\u00e9es. Un cigare qui pr\u00e9sente du corps sans \u00eatre trop nerveux. <strong>Un cigare pour les grandes occasions.<\/strong><\/p>","protected":false},"excerpt":{"rendered":"<p>\u6bcf\u76d2 10 \u652f\u96ea\u8304\u3002<\/p>","protected":false},"featured_media":17682,"template":"","meta":{"_acf_changed":false},"product_cat":[24791,40,15311],"product_tag":[],"bundled_by":[],"bundle_stock_status":"outofstock","bundle_stock_quantity":0,"bundle_virtual":false,"bundle_layout":"","bundle_add_to_cart_form_location":"","bundle_editable_in_cart":false,"bundle_sold_individually_context":"","bundle_item_grouping":"","bundle_min_size":"","bundle_max_size":"","bundled_items":[],"acf":[],"_links":{"self":[{"href":"https:\/\/beta.alpscigar.com\/zh\/wp-json\/wp\/v2\/product\/15581"}],"collection":[{"href":"https:\/\/beta.alpscigar.com\/zh\/wp-json\/wp\/v2\/product"}],"about":[{"href":"https:\/\/beta.alpscigar.com\/zh\/wp-json\/wp\/v2\/types\/product"}],"wp:featuredmedia":[{"embeddable":true,"href":"https:\/\/beta.alpscigar.com\/zh\/wp-json\/wp\/v2\/media\/17682"}],"wp:attachment":[{"href":"https:\/\/beta.alpscigar.com\/zh\/wp-json\/wp\/v2\/media?parent=15581"}],"wp:term":[{"taxonomy":"product_cat","embeddable":true,"href":"https:\/\/beta.alpscigar.com\/zh\/wp-json\/wp\/v2\/product_cat?post=15581"},{"taxonomy":"product_tag","embeddable":true,"href":"https:\/\/beta.alpscigar.com\/zh\/wp-json\/wp\/v2\/product_tag?post=15581"}],"curies":[{"name":"wp","href":"https:\/\/api.w.org\/{rel}","templated":true}]}}