{"id":15610,"date":"2018-03-29T10:27:13","date_gmt":"2018-03-29T09:27:13","guid":{"rendered":"https:\/\/mkulcarx.preview.infomaniak.website\/produit\/trinidad-vigia-sbn-12\/"},"modified":"2023-12-06T15:59:34","modified_gmt":"2023-12-06T14:59:34","slug":"trinidad-vigia-sbn-12","status":"publish","type":"product","link":"https:\/\/beta.alpscigar.com\/zh\/shop\/cigares-cubains\/trinidad\/trinidad-vigia-sbn-12\/","title":{"rendered":"Trinidad Vigia SBN (12)"},"content":{"rendered":"<p>Avec l&rsquo;arr\u00eat de la production des fameux Robusto T et Robusto Extra, la marque \u00e9tait vou\u00e9e \u00e0 disparaitre mais Habanos en a finalement d\u00e9cid\u00e9 autrement.<\/p>\n<p><strong>Trinidad, cette marque embl\u00e9matique,<\/strong> cr\u00e9\u00e9e \u00e0 la fin du 20\u00e8me si\u00e8cle, nous propose aujourd&rsquo;hui le <strong>Trinidad Vigia,<\/strong> un petit cigare au ventre dodu et au caract\u00e8re agr\u00e9able. Bien en place dans une cape Claro, la tripe offre \u00e0 cru des notes de chocolat et de noix grill\u00e9es.<\/p>\n<p>Le tirage pr\u00e9sente peu de retenue, les volutes sont g\u00e9n\u00e9reuses. Les notes de fruits \u00e0 coques envelopp\u00e9es d&rsquo;une touche cr\u00e9meuse sont parfaitement en ligne avec la palette aromatique de la marque. Le bois\u00e9 s&rsquo;installe avec parcimonie. Aucune amertume ne vient perturber la rencontre avec ce Petit Robusto. Une belle r\u00e9ussite pour la r\u00e9surrection de cette marque l\u00e9gendaire.<\/p>\n<p>Le Trinidad Vigia SBN est un cigare au module Torres qui mesure 110 mm de longueur pour 21,25 mm de diam\u00e8tre (bague 54). Il n\u00e9cessitera environ 45 minutes pour \u00eatre d\u00e9gust\u00e9.<\/p>","protected":false},"excerpt":{"rendered":"<p>\u6bcf\u76d2 12 \u652f\u3002<\/p>","protected":false},"featured_media":7053,"template":"","meta":{"_acf_changed":false},"product_cat":[29911,24791,24638,40,14874,1925],"product_tag":[626,625],"bundled_by":["95153"],"bundle_stock_status":"instock","bundle_stock_quantity":14,"bundle_virtual":false,"bundle_layout":"","bundle_add_to_cart_form_location":"","bundle_editable_in_cart":false,"bundle_sold_individually_context":"","bundle_item_grouping":"","bundle_min_size":"","bundle_max_size":"","bundled_items":[],"acf":[],"_links":{"self":[{"href":"https:\/\/beta.alpscigar.com\/zh\/wp-json\/wp\/v2\/product\/15610"}],"collection":[{"href":"https:\/\/beta.alpscigar.com\/zh\/wp-json\/wp\/v2\/product"}],"about":[{"href":"https:\/\/beta.alpscigar.com\/zh\/wp-json\/wp\/v2\/types\/product"}],"wp:featuredmedia":[{"embeddable":true,"href":"https:\/\/beta.alpscigar.com\/zh\/wp-json\/wp\/v2\/media\/7053"}],"wp:attachment":[{"href":"https:\/\/beta.alpscigar.com\/zh\/wp-json\/wp\/v2\/media?parent=15610"}],"wp:term":[{"taxonomy":"product_cat","embeddable":true,"href":"https:\/\/beta.alpscigar.com\/zh\/wp-json\/wp\/v2\/product_cat?post=15610"},{"taxonomy":"product_tag","embeddable":true,"href":"https:\/\/beta.alpscigar.com\/zh\/wp-json\/wp\/v2\/product_tag?post=15610"}],"curies":[{"name":"wp","href":"https:\/\/api.w.org\/{rel}","templated":true}]}}