{"id":15685,"date":"2018-03-29T10:28:38","date_gmt":"2018-03-29T09:28:38","guid":{"rendered":"https:\/\/mkulcarx.preview.infomaniak.website\/produit\/h-upmann-noellas-25-2\/"},"modified":"2023-09-25T15:46:41","modified_gmt":"2023-09-25T14:46:41","slug":"h-upmann-noellas-25","status":"publish","type":"product","link":"https:\/\/beta.alpscigar.com\/zh\/shop\/cigares-cubains\/h-upmann\/h-upmann-noellas-25\/","title":{"rendered":"H. Upmann Noellas (25)"},"content":{"rendered":"<p>Apr\u00e8s presque 20 ans, Habanos a r\u00e9\u00e9dit\u00e9 la fabuleuse jarre H. Upmann Noellas. Les vitoles se caract\u00e9risent par des ar\u00f4mes suaves. Ces derni\u00e8res sont faites \u00e0 partir des meilleurs tabacs de la Vuelta Abajo, de Pinar del Rio.\u00a0<strong>La production est limit\u00e9e \u00e0 seulement 5000 jarres, <\/strong>contenant chacune 25 modules Noellas (diam\u00e8tre 16.7 mm et 135 mm de longueur), identiques \u00e0 celles qui ont \u00e9t\u00e9 produites dans les ann\u00e9es 80.<\/p>\n<p><strong>Cet objet de prestige est distribu\u00e9 presque exclusivement dans les Casa del Habano.<\/strong><\/p>","protected":false},"excerpt":{"rendered":"<p>Jarre de 25 cigares.<\/p>","protected":false},"featured_media":17663,"template":"","meta":{"_acf_changed":false},"product_cat":[24791,40,16711],"product_tag":[],"bundled_by":[],"bundle_stock_status":"outofstock","bundle_stock_quantity":0,"bundle_virtual":false,"bundle_layout":"","bundle_add_to_cart_form_location":"","bundle_editable_in_cart":false,"bundle_sold_individually_context":"","bundle_item_grouping":"","bundle_min_size":"","bundle_max_size":"","bundled_items":[],"acf":[],"_links":{"self":[{"href":"https:\/\/beta.alpscigar.com\/zh\/wp-json\/wp\/v2\/product\/15685"}],"collection":[{"href":"https:\/\/beta.alpscigar.com\/zh\/wp-json\/wp\/v2\/product"}],"about":[{"href":"https:\/\/beta.alpscigar.com\/zh\/wp-json\/wp\/v2\/types\/product"}],"wp:featuredmedia":[{"embeddable":true,"href":"https:\/\/beta.alpscigar.com\/zh\/wp-json\/wp\/v2\/media\/17663"}],"wp:attachment":[{"href":"https:\/\/beta.alpscigar.com\/zh\/wp-json\/wp\/v2\/media?parent=15685"}],"wp:term":[{"taxonomy":"product_cat","embeddable":true,"href":"https:\/\/beta.alpscigar.com\/zh\/wp-json\/wp\/v2\/product_cat?post=15685"},{"taxonomy":"product_tag","embeddable":true,"href":"https:\/\/beta.alpscigar.com\/zh\/wp-json\/wp\/v2\/product_tag?post=15685"}],"curies":[{"name":"wp","href":"https:\/\/api.w.org\/{rel}","templated":true}]}}