{"id":15689,"date":"2018-03-29T10:28:31","date_gmt":"2018-03-29T09:28:31","guid":{"rendered":"https:\/\/mkulcarx.preview.infomaniak.website\/produit\/h-upmann-petit-coronas-25-2\/"},"modified":"2023-09-25T15:47:21","modified_gmt":"2023-09-25T14:47:21","slug":"h-upmann-petit-coronas-25","status":"publish","type":"product","link":"https:\/\/beta.alpscigar.com\/zh\/shop\/cigares-cubains\/h-upmann\/h-upmann-petit-coronas-25\/","title":{"rendered":"H. Upmann Petit Coronas (25)"},"content":{"rendered":"<p>Le cigare H. Upmann Petit Coronas est un puro avec une longueur de 129 mm, un diam\u00e8tre de 16,7 mm (Calibre 42) et une dur\u00e9e de combustion de pr\u00e8s de 25 minutes.<\/p>\n<p>La combustibilit\u00e9 est uniforme et le tirage est ais\u00e9. Ce Habano est fait exclusivement \u00e0 la main et sa tripe inclut uniquement des feuilles enti\u00e8res de tabac (cigare \u00e0 tripe longue). Le tabac d\u00e9di\u00e9 \u00e0 la fabrication de cette tripe, de la sous-cape et de la cape est issu des cultures de la r\u00e9gion de Vuelta Abajo, situ\u00e9e dans la province cubaine de Pinard del Rio. C\u2019est sur ce site que l\u2019on trouve le meilleur tabac au Monde.<\/p>\n<p>En bouche, le\u00a0cigare H. Upmann\u00a0Petit Coronas d\u00e9ploie une force moyenne et son \u00e9ventail d\u2019ar\u00f4mes est peu \u00e9tendu en plus d\u2019avoir une intensit\u00e9 mod\u00e9r\u00e9e. La vitole encore froide fait planer un m\u00e9lange d\u2019odeur de basse-cour et de c\u00e8dre. Le premier tiers r\u00e9pand un ar\u00f4me terreux et un go\u00fbt \u00e9pic\u00e9. Le 2e tiers d\u00e9bute sur une l\u00e9g\u00e8re note caram\u00e9lis\u00e9e qui s\u2019intensifie au fur et \u00e0 mesure que l\u2019on s\u2019approche du dernier tiers. Le\u00a0cigare s\u2019ach\u00e8ve sur un cocktail complexe d\u2019ar\u00f4mes dans lequel on retrouve les senteurs du 1er\u00a0et du 2e tiers. Ce Habano convient donc aussi bien aux d\u00e9butants qu\u2019aux fumeurs occasionnels et bien s\u00fbr, aux grands connaisseurs.<\/p>","protected":false},"excerpt":{"rendered":"<p>\u6bcf\u76d2 25 \u652f\u3002<\/p>","protected":false},"featured_media":27595,"template":"","meta":{"_acf_changed":false},"product_cat":[24791,40,16711],"product_tag":[],"bundled_by":[],"bundle_stock_status":"outofstock","bundle_stock_quantity":0,"bundle_virtual":false,"bundle_layout":"","bundle_add_to_cart_form_location":"","bundle_editable_in_cart":false,"bundle_sold_individually_context":"","bundle_item_grouping":"","bundle_min_size":"","bundle_max_size":"","bundled_items":[],"acf":[],"_links":{"self":[{"href":"https:\/\/beta.alpscigar.com\/zh\/wp-json\/wp\/v2\/product\/15689"}],"collection":[{"href":"https:\/\/beta.alpscigar.com\/zh\/wp-json\/wp\/v2\/product"}],"about":[{"href":"https:\/\/beta.alpscigar.com\/zh\/wp-json\/wp\/v2\/types\/product"}],"wp:featuredmedia":[{"embeddable":true,"href":"https:\/\/beta.alpscigar.com\/zh\/wp-json\/wp\/v2\/media\/27595"}],"wp:attachment":[{"href":"https:\/\/beta.alpscigar.com\/zh\/wp-json\/wp\/v2\/media?parent=15689"}],"wp:term":[{"taxonomy":"product_cat","embeddable":true,"href":"https:\/\/beta.alpscigar.com\/zh\/wp-json\/wp\/v2\/product_cat?post=15689"},{"taxonomy":"product_tag","embeddable":true,"href":"https:\/\/beta.alpscigar.com\/zh\/wp-json\/wp\/v2\/product_tag?post=15689"}],"curies":[{"name":"wp","href":"https:\/\/api.w.org\/{rel}","templated":true}]}}