{"id":15697,"date":"2018-03-29T10:28:31","date_gmt":"2018-03-29T09:28:31","guid":{"rendered":"https:\/\/mkulcarx.preview.infomaniak.website\/produit\/h-upmann-no-2-25-2\/"},"modified":"2023-12-15T16:16:12","modified_gmt":"2023-12-15T15:16:12","slug":"h-upmann-no-2-25","status":"publish","type":"product","link":"https:\/\/beta.alpscigar.com\/zh\/shop\/cigares-cubains\/h-upmann\/h-upmann-no-2-25\/","title":{"rendered":"H. Upmann No. 2 (25)"},"content":{"rendered":"<p>Un style singulier pour le H. Upmann No. 2 qui est un Torpedo. Ses saveurs sont principalement marqu\u00e9es par des \u00e9pices exotiques, un go\u00fbt bourru pour un parfum prononc\u00e9 de cacahu\u00e8te grill\u00e9e. <strong>La force de ce cigare grandit avec l&rsquo;\u00e2ge.<\/strong><\/p>","protected":false},"excerpt":{"rendered":"<p>\u6bcf\u76d2 25 \u652f\u3002<\/p>","protected":false},"featured_media":6594,"template":"","meta":{"_acf_changed":false},"product_cat":[24791,40,16711],"product_tag":[],"bundled_by":[],"bundle_stock_status":"outofstock","bundle_stock_quantity":0,"bundle_virtual":false,"bundle_layout":"","bundle_add_to_cart_form_location":"","bundle_editable_in_cart":false,"bundle_sold_individually_context":"","bundle_item_grouping":"","bundle_min_size":"","bundle_max_size":"","bundled_items":[],"acf":[],"_links":{"self":[{"href":"https:\/\/beta.alpscigar.com\/zh\/wp-json\/wp\/v2\/product\/15697"}],"collection":[{"href":"https:\/\/beta.alpscigar.com\/zh\/wp-json\/wp\/v2\/product"}],"about":[{"href":"https:\/\/beta.alpscigar.com\/zh\/wp-json\/wp\/v2\/types\/product"}],"wp:featuredmedia":[{"embeddable":true,"href":"https:\/\/beta.alpscigar.com\/zh\/wp-json\/wp\/v2\/media\/6594"}],"wp:attachment":[{"href":"https:\/\/beta.alpscigar.com\/zh\/wp-json\/wp\/v2\/media?parent=15697"}],"wp:term":[{"taxonomy":"product_cat","embeddable":true,"href":"https:\/\/beta.alpscigar.com\/zh\/wp-json\/wp\/v2\/product_cat?post=15697"},{"taxonomy":"product_tag","embeddable":true,"href":"https:\/\/beta.alpscigar.com\/zh\/wp-json\/wp\/v2\/product_tag?post=15697"}],"curies":[{"name":"wp","href":"https:\/\/api.w.org\/{rel}","templated":true}]}}