{"id":15701,"date":"2018-03-29T10:28:31","date_gmt":"2018-03-29T09:28:31","guid":{"rendered":"https:\/\/mkulcarx.preview.infomaniak.website\/produit\/h-upmann-connossieur-a-25-2\/"},"modified":"2023-10-18T17:29:43","modified_gmt":"2023-10-18T16:29:43","slug":"h-upmann-connossieur-a-25","status":"publish","type":"product","link":"https:\/\/beta.alpscigar.com\/zh\/shop\/cigares-cubains\/h-upmann\/h-upmann-connossieur-a-25\/","title":{"rendered":"H. Upmann Connossieur A (25)"},"content":{"rendered":"<p>Le H. Upmann Connossieur A <strong>est roul\u00e9 exclusivement pour les Casa del Habano,<\/strong> c&rsquo;est un gros cigare envelopp\u00e9 dans une cape relativement claire. Cette nouvelle vitole imposante en main est dot\u00e9e d&rsquo;une bague exclusive reprenant le nom du cigare. L&rsquo;allumage ais\u00e9, procure rapidement une fum\u00e9e ample, riche et l\u00e9g\u00e8rement tannique. Le profil aromatique \u00e9volue lors de la d\u00e9gustation. Quelques notes de caramel au beurre sal\u00e9 se m\u00ealent au poivre blanc. Nous sommes plus proche du Magnum 50 de la marque que du Connoisseur No.1.<\/p>\n<p>La puissance lors du deuxi\u00e8me tiers est plus pr\u00e9sente avec une l\u00e9g\u00e8re touche d&rsquo;ar\u00f4me de th\u00e9 noir, reprenant ce c\u00f4t\u00e9 subtilement tannique des premi\u00e8re bouff\u00e9es. Le final est concluant avec une concentration plus intense des ar\u00f4mes de bois de c\u00e8dre.<\/p>","protected":false},"excerpt":{"rendered":"<p>\u6bcf\u76d2 25 \u652f\u3002<\/p>","protected":false},"featured_media":17636,"template":"","meta":{"_acf_changed":false},"product_cat":[24791,40,16711,16775],"product_tag":[],"bundled_by":[],"bundle_stock_status":"outofstock","bundle_stock_quantity":0,"bundle_virtual":false,"bundle_layout":"","bundle_add_to_cart_form_location":"","bundle_editable_in_cart":false,"bundle_sold_individually_context":"","bundle_item_grouping":"","bundle_min_size":"","bundle_max_size":"","bundled_items":[],"acf":[],"_links":{"self":[{"href":"https:\/\/beta.alpscigar.com\/zh\/wp-json\/wp\/v2\/product\/15701"}],"collection":[{"href":"https:\/\/beta.alpscigar.com\/zh\/wp-json\/wp\/v2\/product"}],"about":[{"href":"https:\/\/beta.alpscigar.com\/zh\/wp-json\/wp\/v2\/types\/product"}],"wp:featuredmedia":[{"embeddable":true,"href":"https:\/\/beta.alpscigar.com\/zh\/wp-json\/wp\/v2\/media\/17636"}],"wp:attachment":[{"href":"https:\/\/beta.alpscigar.com\/zh\/wp-json\/wp\/v2\/media?parent=15701"}],"wp:term":[{"taxonomy":"product_cat","embeddable":true,"href":"https:\/\/beta.alpscigar.com\/zh\/wp-json\/wp\/v2\/product_cat?post=15701"},{"taxonomy":"product_tag","embeddable":true,"href":"https:\/\/beta.alpscigar.com\/zh\/wp-json\/wp\/v2\/product_tag?post=15701"}],"curies":[{"name":"wp","href":"https:\/\/api.w.org\/{rel}","templated":true}]}}