{"id":15729,"date":"2018-03-29T10:28:31","date_gmt":"2018-03-29T09:28:31","guid":{"rendered":"https:\/\/mkulcarx.preview.infomaniak.website\/produit\/h-upmann-coronas-major-a-t-25\/"},"modified":"2023-10-20T05:13:43","modified_gmt":"2023-10-20T04:13:43","slug":"h-upmann-coronas-major-a-t-25","status":"publish","type":"product","link":"https:\/\/beta.alpscigar.com\/zh\/shop\/cigares-cubains\/h-upmann\/h-upmann-coronas-major-a-t-25\/","title":{"rendered":"H. Upmann Coronas Major Tubos (25)"},"content":{"rendered":"<p class=\"p1\">Le H. Upmann Coronas Major est une vitole Mareva, d&rsquo;une longueur de 129 mm et d&rsquo;un calibre de 43. Un merveilleux ar\u00f4me de chocolat au lait se d\u00e9gage de ce cigare, et nous donne des notes de cannelle et de miel lors du tirage \u00e0 froid.<\/p>\n<p class=\"p1\">D\u00e8s la premi\u00e8re bouff\u00e9e, les ar\u00f4mes de c\u00e8dre et de vanille sont pro\u00e9minents, avec des notes d&rsquo;agrumes et de th\u00e9 qui s&rsquo;ajoutent \u00e0 la merveilleuse saveur de tabac \u00e0 base de plantes qui a une douceur notable.<\/p>\n<p class=\"p1\">Le Coronas Major commence par un profil de force moyenne \u00e0 forte, mais se rapproche de la force totale dans la deuxi\u00e8me moiti\u00e9 du cigare, et laisse un go\u00fbt distinct d&rsquo;expresso sur le palais apr\u00e8s la fin, ce que vous pouvez attendre apr\u00e8s une heure.<\/p>\n<p class=\"p1\">C&rsquo;est un cigare puissant qui produit une fum\u00e9e tr\u00e8s savoureuse. Direct, ce Corona n\u00e9cessite une consommation bien rythm\u00e9e pour ne pas br\u00fbler. Autrefois fabriqu\u00e9s uniquement \u00e0 la machine, Habanos a fait le bon choix en les roulant d\u00e9sormais \u00e0 la main.Il se marie parfaitement avec un bourbon pour donner du punch et faire \u00e9cho aux qualit\u00e9s herbac\u00e9es du cigare.<\/p>","protected":false},"excerpt":{"rendered":"<p>Bo\u00eete de 25 cigares en tube.<\/p>","protected":false},"featured_media":17671,"template":"","meta":{"_acf_changed":false},"product_cat":[24791,40,16711],"product_tag":[],"bundled_by":[],"bundle_stock_status":"outofstock","bundle_stock_quantity":0,"bundle_virtual":false,"bundle_layout":"","bundle_add_to_cart_form_location":"","bundle_editable_in_cart":false,"bundle_sold_individually_context":"","bundle_item_grouping":"","bundle_min_size":"","bundle_max_size":"","bundled_items":[],"acf":[],"_links":{"self":[{"href":"https:\/\/beta.alpscigar.com\/zh\/wp-json\/wp\/v2\/product\/15729"}],"collection":[{"href":"https:\/\/beta.alpscigar.com\/zh\/wp-json\/wp\/v2\/product"}],"about":[{"href":"https:\/\/beta.alpscigar.com\/zh\/wp-json\/wp\/v2\/types\/product"}],"wp:featuredmedia":[{"embeddable":true,"href":"https:\/\/beta.alpscigar.com\/zh\/wp-json\/wp\/v2\/media\/17671"}],"wp:attachment":[{"href":"https:\/\/beta.alpscigar.com\/zh\/wp-json\/wp\/v2\/media?parent=15729"}],"wp:term":[{"taxonomy":"product_cat","embeddable":true,"href":"https:\/\/beta.alpscigar.com\/zh\/wp-json\/wp\/v2\/product_cat?post=15729"},{"taxonomy":"product_tag","embeddable":true,"href":"https:\/\/beta.alpscigar.com\/zh\/wp-json\/wp\/v2\/product_tag?post=15729"}],"curies":[{"name":"wp","href":"https:\/\/api.w.org\/{rel}","templated":true}]}}