{"id":15785,"date":"2018-03-29T10:28:07","date_gmt":"2018-03-29T09:28:07","guid":{"rendered":"https:\/\/mkulcarx.preview.infomaniak.website\/produit\/punch-doble-coronas-25-2\/"},"modified":"2023-11-29T11:51:12","modified_gmt":"2023-11-29T10:51:12","slug":"punch-double-coronas-25","status":"publish","type":"product","link":"https:\/\/beta.alpscigar.com\/zh\/shop\/cigares-cubains\/punch\/punch-double-coronas-25\/","title":{"rendered":"Punch Double Coronas (25)"},"content":{"rendered":"<p><strong>Un module de grand cru, les Punch Double Coronas font partie des piliers du savoir-faire cubain.<\/strong> Une cape assez claire, des ar\u00f4mes de terroir et de noblesse qui mettent sans ambigu\u00eft\u00e9 en condition. Le tirage est parfait m\u00eame pour un module de cette taille et la puissance du Punch se fait sentir d\u00e8s le d\u00e9but avec une fum\u00e9e onctueuse de notes de bois exotique et de poivre.<\/p>\n<p>Au deuxi\u00e8me tiers, la subtilit\u00e9 cubaine se confirme avec un \u00e9quilibre parfait entre ar\u00f4mes et puissance.<\/p>\n<p><strong>Le final est de plus en plus dense sans jamais tomber dans l&rsquo;exc\u00e8s: une r\u00e9ussite totale.<\/strong><\/p>\n<p>\u6bcf\u76d2 25 \u652f\u3002<\/p>","protected":false},"excerpt":{"rendered":"<p>Punch Double Coronas. Bo\u00eete de 25 cigares.<\/p>","protected":false},"featured_media":6525,"template":"","meta":{"_acf_changed":false},"product_cat":[24791,40,16717],"product_tag":[],"bundled_by":[],"bundle_stock_status":"outofstock","bundle_stock_quantity":0,"bundle_virtual":false,"bundle_layout":"","bundle_add_to_cart_form_location":"","bundle_editable_in_cart":false,"bundle_sold_individually_context":"","bundle_item_grouping":"","bundle_min_size":"","bundle_max_size":"","bundled_items":[],"acf":[],"_links":{"self":[{"href":"https:\/\/beta.alpscigar.com\/zh\/wp-json\/wp\/v2\/product\/15785"}],"collection":[{"href":"https:\/\/beta.alpscigar.com\/zh\/wp-json\/wp\/v2\/product"}],"about":[{"href":"https:\/\/beta.alpscigar.com\/zh\/wp-json\/wp\/v2\/types\/product"}],"wp:featuredmedia":[{"embeddable":true,"href":"https:\/\/beta.alpscigar.com\/zh\/wp-json\/wp\/v2\/media\/6525"}],"wp:attachment":[{"href":"https:\/\/beta.alpscigar.com\/zh\/wp-json\/wp\/v2\/media?parent=15785"}],"wp:term":[{"taxonomy":"product_cat","embeddable":true,"href":"https:\/\/beta.alpscigar.com\/zh\/wp-json\/wp\/v2\/product_cat?post=15785"},{"taxonomy":"product_tag","embeddable":true,"href":"https:\/\/beta.alpscigar.com\/zh\/wp-json\/wp\/v2\/product_tag?post=15785"}],"curies":[{"name":"wp","href":"https:\/\/api.w.org\/{rel}","templated":true}]}}