{"id":15805,"date":"2018-03-29T10:28:07","date_gmt":"2018-03-29T09:28:07","guid":{"rendered":"https:\/\/mkulcarx.preview.infomaniak.website\/produit\/quintero-brevas-25-2\/"},"modified":"2023-12-15T14:43:22","modified_gmt":"2023-12-15T13:43:22","slug":"quintero-brevas-25","status":"publish","type":"product","link":"https:\/\/beta.alpscigar.com\/zh\/shop\/cigares-cubains\/quintero\/quintero-brevas-25\/","title":{"rendered":"Quintero Brevas (25)"},"content":{"rendered":"<p>Le <strong>Quintero Brevas<\/strong> est un petit cigare bien construit qui a du caract\u00e8re.<\/p>\n<p>Le go\u00fbt doux et moyennement cors\u00e9 de Quintero est id\u00e9al pour ceux qui cherchent \u00e0 d\u00e9couvrir la saveur des Habanos \u00e0 un prix abordable.<\/p>\n<p>C&rsquo;est l&rsquo;une des rares marques de Habanos \u00e0 ne pas \u00eatre n\u00e9e dans la capitale cubaine, La Havane. Son fondateur, Agustin Quintero, et ses quatre fr\u00e8res se sont install\u00e9s dans la ville de Cienfuegos, sur la c\u00f4te sud, connue sous le nom de \u00ab\u00a0Perle du Sud\u00a0\u00bb,<\/p>\n<p>Tous les tabacs s\u00e9lectionn\u00e9s pour le m\u00e9lange de remplissage de Quintero proviennent des zones Vuelta Abajo et Semi Vuelta. Chaque cigare Quintero est fabriqu\u00e9 selon la technique du short filler, totalement artisanale.<\/p>\n<p>Le <strong>Quintero Brevas<\/strong> est un cigare au module Corona qui mesure 140 mm de longueur pour 15,87 mm de diam\u00e8tre (bague 40). Il vous faudra 30 \u00e0 45 minutes pour le d\u00e9guster convenablement.<\/p>","protected":false},"excerpt":{"rendered":"<p>\u6bcf\u76d2 25 \u652f\u3002<\/p>","protected":false},"featured_media":18280,"template":"","meta":{"_acf_changed":false},"product_cat":[24791,40,16741],"product_tag":[],"bundled_by":[],"bundle_stock_status":"instock","bundle_stock_quantity":1,"bundle_virtual":false,"bundle_layout":"","bundle_add_to_cart_form_location":"","bundle_editable_in_cart":false,"bundle_sold_individually_context":"","bundle_item_grouping":"","bundle_min_size":"","bundle_max_size":"","bundled_items":[],"acf":[],"_links":{"self":[{"href":"https:\/\/beta.alpscigar.com\/zh\/wp-json\/wp\/v2\/product\/15805"}],"collection":[{"href":"https:\/\/beta.alpscigar.com\/zh\/wp-json\/wp\/v2\/product"}],"about":[{"href":"https:\/\/beta.alpscigar.com\/zh\/wp-json\/wp\/v2\/types\/product"}],"wp:featuredmedia":[{"embeddable":true,"href":"https:\/\/beta.alpscigar.com\/zh\/wp-json\/wp\/v2\/media\/18280"}],"wp:attachment":[{"href":"https:\/\/beta.alpscigar.com\/zh\/wp-json\/wp\/v2\/media?parent=15805"}],"wp:term":[{"taxonomy":"product_cat","embeddable":true,"href":"https:\/\/beta.alpscigar.com\/zh\/wp-json\/wp\/v2\/product_cat?post=15805"},{"taxonomy":"product_tag","embeddable":true,"href":"https:\/\/beta.alpscigar.com\/zh\/wp-json\/wp\/v2\/product_tag?post=15805"}],"curies":[{"name":"wp","href":"https:\/\/api.w.org\/{rel}","templated":true}]}}