{"id":15809,"date":"2018-03-29T10:28:07","date_gmt":"2018-03-29T09:28:07","guid":{"rendered":"https:\/\/mkulcarx.preview.infomaniak.website\/produit\/quintero-nacionales-25-2\/"},"modified":"2023-08-31T14:13:58","modified_gmt":"2023-08-31T13:13:58","slug":"quintero-nacionales-25","status":"publish","type":"product","link":"https:\/\/beta.alpscigar.com\/zh\/shop\/cigares-cubains\/quintero\/quintero-nacionales-25\/","title":{"rendered":"Quintero Nacionales (25)"},"content":{"rendered":"<p>Nous remarquerons l&rsquo;excellente pr\u00e9sentation et l&rsquo;esth\u00e9tique honorable pour ce Quintero Nacionales. A l&rsquo;allumage, le cigare demeure cependant trop \u00e9vanescent sur le plan aromatique. Les premi\u00e8res saveurs (bois pr\u00e9cieux, pain grill\u00e9, caf\u00e9 torr\u00e9fi\u00e9) sont un peu disparates. Elles ont, en outre, tendance \u00e0 se diluer rapidement. Il n&rsquo;en demeure pas un cigare int\u00e9ressant faisant certes preuve d&rsquo;un peu de caract\u00e8re.<\/p>","protected":false},"excerpt":{"rendered":"<p>\u6bcf\u76d2 25 \u652f\u3002<\/p>","protected":false},"featured_media":15812,"template":"","meta":{"_acf_changed":false},"product_cat":[24791,40,16741],"product_tag":[],"bundled_by":[],"bundle_stock_status":"outofstock","bundle_stock_quantity":0,"bundle_virtual":false,"bundle_layout":"","bundle_add_to_cart_form_location":"","bundle_editable_in_cart":false,"bundle_sold_individually_context":"","bundle_item_grouping":"","bundle_min_size":"","bundle_max_size":"","bundled_items":[],"acf":[],"_links":{"self":[{"href":"https:\/\/beta.alpscigar.com\/zh\/wp-json\/wp\/v2\/product\/15809"}],"collection":[{"href":"https:\/\/beta.alpscigar.com\/zh\/wp-json\/wp\/v2\/product"}],"about":[{"href":"https:\/\/beta.alpscigar.com\/zh\/wp-json\/wp\/v2\/types\/product"}],"wp:featuredmedia":[{"embeddable":true,"href":"https:\/\/beta.alpscigar.com\/zh\/wp-json\/wp\/v2\/media\/15812"}],"wp:attachment":[{"href":"https:\/\/beta.alpscigar.com\/zh\/wp-json\/wp\/v2\/media?parent=15809"}],"wp:term":[{"taxonomy":"product_cat","embeddable":true,"href":"https:\/\/beta.alpscigar.com\/zh\/wp-json\/wp\/v2\/product_cat?post=15809"},{"taxonomy":"product_tag","embeddable":true,"href":"https:\/\/beta.alpscigar.com\/zh\/wp-json\/wp\/v2\/product_tag?post=15809"}],"curies":[{"name":"wp","href":"https:\/\/api.w.org\/{rel}","templated":true}]}}