{"id":15821,"date":"2018-03-29T10:28:07","date_gmt":"2018-03-29T09:28:07","guid":{"rendered":"https:\/\/mkulcarx.preview.infomaniak.website\/produit\/quintero-petit-quintero-25-2\/"},"modified":"2023-12-14T11:38:00","modified_gmt":"2023-12-14T10:38:00","slug":"quintero-petit-quintero-25","status":"publish","type":"product","link":"https:\/\/beta.alpscigar.com\/zh\/shop\/cigares-cubains\/quintero\/quintero-petit-quintero-25\/","title":{"rendered":"Quintero Petit Quintero (25)"},"content":{"rendered":"<p>Ce dernier rejeton de la famille Quintero va rejoindre <strong>le succ\u00e8s de son grand fr\u00e8re Favoritos.<\/strong> Le Quintero Petit Quintero se pr\u00e9sente avec une cape nettement nervur\u00e9e avec a cru des ar\u00f4mes discrets d&rsquo;\u00e9table et d&rsquo;\u00e9pices, avant des teintes de terre. Une fois allum\u00e9, on d\u00e9couvre un bon tirage et une belle combustion. Un medium body avec des ar\u00f4mes de bois, de terre humide, d&rsquo;\u00e9pices et des tonalit\u00e9s r\u00f4ties.<\/p>\n<p>Sur la fin, les ar\u00f4mes torr\u00e9fi\u00e9s prennent plus le dessus. L&rsquo;un dans l&rsquo;autre, un beau petit cigare, avec pas trop d&rsquo;\u00e9volution <strong>mais certainement avec un rapport qualit\u00e9\/prix int\u00e9ressant.<\/strong><\/p>","protected":false},"excerpt":{"rendered":"<p>\u6bcf\u76d2 25 \u652f\u3002<\/p>","protected":false},"featured_media":6529,"template":"","meta":{"_acf_changed":false},"product_cat":[24791,40,16741],"product_tag":[],"bundled_by":[],"bundle_stock_status":"instock","bundle_stock_quantity":1,"bundle_virtual":false,"bundle_layout":"","bundle_add_to_cart_form_location":"","bundle_editable_in_cart":false,"bundle_sold_individually_context":"","bundle_item_grouping":"","bundle_min_size":"","bundle_max_size":"","bundled_items":[],"acf":[],"_links":{"self":[{"href":"https:\/\/beta.alpscigar.com\/zh\/wp-json\/wp\/v2\/product\/15821"}],"collection":[{"href":"https:\/\/beta.alpscigar.com\/zh\/wp-json\/wp\/v2\/product"}],"about":[{"href":"https:\/\/beta.alpscigar.com\/zh\/wp-json\/wp\/v2\/types\/product"}],"wp:featuredmedia":[{"embeddable":true,"href":"https:\/\/beta.alpscigar.com\/zh\/wp-json\/wp\/v2\/media\/6529"}],"wp:attachment":[{"href":"https:\/\/beta.alpscigar.com\/zh\/wp-json\/wp\/v2\/media?parent=15821"}],"wp:term":[{"taxonomy":"product_cat","embeddable":true,"href":"https:\/\/beta.alpscigar.com\/zh\/wp-json\/wp\/v2\/product_cat?post=15821"},{"taxonomy":"product_tag","embeddable":true,"href":"https:\/\/beta.alpscigar.com\/zh\/wp-json\/wp\/v2\/product_tag?post=15821"}],"curies":[{"name":"wp","href":"https:\/\/api.w.org\/{rel}","templated":true}]}}