{"id":15897,"date":"2018-03-29T10:28:38","date_gmt":"2018-03-29T09:28:38","guid":{"rendered":"https:\/\/mkulcarx.preview.infomaniak.website\/produit\/vegas-robaina-don-alejandro-25-2\/"},"modified":"2023-08-31T14:17:36","modified_gmt":"2023-08-31T13:17:36","slug":"vegas-robaina-don-alejandro-25","status":"publish","type":"product","link":"https:\/\/beta.alpscigar.com\/zh\/shop\/cigares-cubains\/vegas-robaina\/vegas-robaina-don-alejandro-25\/","title":{"rendered":"\u62c9\u65af\u7ef4\u52a0\u65af-\u7f57\u8d1d\u7eb3\u5c14-\u5510-\u4e9a\u5386\u676d\u5fb7\u7f57\uff0825\uff09"},"content":{"rendered":"<p>On le distingue par sa longueur de 194.4 mm et son diam\u00e8tre de 19.4 mm. Ces dimensions sont \u00e0 l\u2019origine de son calibre 49. La d\u00e9gustation d\u2019un Vegas Robaina Don Alejandro prend entre 60 et 90 minutes. Cigares forts, il est donc surtout adapt\u00e9 aux amateurs de Habanos puissants et aux fumeurs exp\u00e9riment\u00e9s.<\/p>\n<p>Les\u00a0cigares Vegas Robaina\u00a0Don Alejandro sont faits enti\u00e8rement \u00e0 la main. Il s\u2019agit l\u00e0 d\u2019une exigence pour tous les cigares dot\u00e9s d\u2019un statut haut de gamme. En outre, il s\u2019agit d\u2019un cigare \u00e0 tripe longue, c\u2019est-\u00e0-dire que seules des feuilles enti\u00e8res sont utilis\u00e9es pour la confection de sa tripe. Que ce soit pour celle-ci, la sous-cape ou la cape, le tabac travaill\u00e9 provient des plantations de La Vuelta Abajo.<\/p>\n<p>Le puro est tr\u00e8s bien fait. Il affiche une grande \u00e9l\u00e9gance avec des d\u00e9tails soign\u00e9s. Notamment, la compacit\u00e9 est excellente donnant une vitole ferme parfaite pour la circulation de la fum\u00e9e. Lors de la d\u00e9gustation, ces fum\u00e9es laissent \u00e9chapper un parfum de cacao, un go\u00fbt de noix et la saveur des amandes. Le palais reconna\u00eet \u00e9galement une petite note de caf\u00e9. La grande qualit\u00e9 des Vegas Robaina Don Alejandro est attest\u00e9e par le magazine Cigar Aficionado qui lui a d\u00e9cern\u00e9 une note de 92\/100.<\/p>","protected":false},"excerpt":{"rendered":"<p>\u6bcf\u76d2 25 \u652f\u3002<\/p>","protected":false},"featured_media":15900,"template":"","meta":{"_acf_changed":false},"product_cat":[24791,40,16733],"product_tag":[],"bundled_by":[],"bundle_stock_status":"outofstock","bundle_stock_quantity":0,"bundle_virtual":false,"bundle_layout":"","bundle_add_to_cart_form_location":"","bundle_editable_in_cart":false,"bundle_sold_individually_context":"","bundle_item_grouping":"","bundle_min_size":"","bundle_max_size":"","bundled_items":[],"acf":[],"_links":{"self":[{"href":"https:\/\/beta.alpscigar.com\/zh\/wp-json\/wp\/v2\/product\/15897"}],"collection":[{"href":"https:\/\/beta.alpscigar.com\/zh\/wp-json\/wp\/v2\/product"}],"about":[{"href":"https:\/\/beta.alpscigar.com\/zh\/wp-json\/wp\/v2\/types\/product"}],"wp:featuredmedia":[{"embeddable":true,"href":"https:\/\/beta.alpscigar.com\/zh\/wp-json\/wp\/v2\/media\/15900"}],"wp:attachment":[{"href":"https:\/\/beta.alpscigar.com\/zh\/wp-json\/wp\/v2\/media?parent=15897"}],"wp:term":[{"taxonomy":"product_cat","embeddable":true,"href":"https:\/\/beta.alpscigar.com\/zh\/wp-json\/wp\/v2\/product_cat?post=15897"},{"taxonomy":"product_tag","embeddable":true,"href":"https:\/\/beta.alpscigar.com\/zh\/wp-json\/wp\/v2\/product_tag?post=15897"}],"curies":[{"name":"wp","href":"https:\/\/api.w.org\/{rel}","templated":true}]}}