{"id":15905,"date":"2018-03-29T10:28:38","date_gmt":"2018-03-29T09:28:38","guid":{"rendered":"https:\/\/mkulcarx.preview.infomaniak.website\/produit\/vegas-robaina-unicos-25-2\/"},"modified":"2023-12-18T07:17:55","modified_gmt":"2023-12-18T06:17:55","slug":"vegas-robaina-unicos-25","status":"publish","type":"product","link":"https:\/\/beta.alpscigar.com\/zh\/shop\/cigares-cubains\/vegas-robaina\/vegas-robaina-unicos-25\/","title":{"rendered":"Vegas Robaina Unicos (25)"},"content":{"rendered":"<p>Le Vegas Robaina Unicos pr\u00e9sente \u00e0 cru une fabuleuse senteur d&rsquo;\u00e9table et de terre humide. L&rsquo;allumage est facile et rapide. D\u00e8s les premi\u00e8res bouff\u00e9es, on remarque une vitole bien construite. La palette aromatique est int\u00e9ressante avec des notes bois\u00e9es et mielleuses. Au cours de la d\u00e9gustation, la fum\u00e9e gagne en puissance avec des ar\u00f4mes de pain grill\u00e9 et de moka. Le final est bon et confirme la bonne capacit\u00e9 de cette vitole.<\/p>","protected":false},"excerpt":{"rendered":"<p>\u6bcf\u76d2 25 \u652f\u3002<\/p>","protected":false},"featured_media":6608,"template":"","meta":{"_acf_changed":false},"product_cat":[24791,24638,40,16733],"product_tag":[2717,2299,10508,2083],"bundled_by":[],"bundle_stock_status":"instock","bundle_stock_quantity":1,"bundle_virtual":false,"bundle_layout":"","bundle_add_to_cart_form_location":"","bundle_editable_in_cart":false,"bundle_sold_individually_context":"","bundle_item_grouping":"","bundle_min_size":"","bundle_max_size":"","bundled_items":[],"acf":[],"_links":{"self":[{"href":"https:\/\/beta.alpscigar.com\/zh\/wp-json\/wp\/v2\/product\/15905"}],"collection":[{"href":"https:\/\/beta.alpscigar.com\/zh\/wp-json\/wp\/v2\/product"}],"about":[{"href":"https:\/\/beta.alpscigar.com\/zh\/wp-json\/wp\/v2\/types\/product"}],"wp:featuredmedia":[{"embeddable":true,"href":"https:\/\/beta.alpscigar.com\/zh\/wp-json\/wp\/v2\/media\/6608"}],"wp:attachment":[{"href":"https:\/\/beta.alpscigar.com\/zh\/wp-json\/wp\/v2\/media?parent=15905"}],"wp:term":[{"taxonomy":"product_cat","embeddable":true,"href":"https:\/\/beta.alpscigar.com\/zh\/wp-json\/wp\/v2\/product_cat?post=15905"},{"taxonomy":"product_tag","embeddable":true,"href":"https:\/\/beta.alpscigar.com\/zh\/wp-json\/wp\/v2\/product_tag?post=15905"}],"curies":[{"name":"wp","href":"https:\/\/api.w.org\/{rel}","templated":true}]}}