{"id":16626,"date":"2019-09-03T11:15:34","date_gmt":"2019-09-03T10:15:34","guid":{"rendered":"https:\/\/alpscigar.com\/?post_type=product&#038;p=16626"},"modified":"2023-12-15T18:21:01","modified_gmt":"2023-12-15T17:21:01","slug":"punch-48-lcdh-10","status":"publish","type":"product","link":"https:\/\/beta.alpscigar.com\/zh\/shop\/cigares-cubains\/punch\/punch-48-lcdh-10\/","title":{"rendered":"Punch 48 LCDH (10)"},"content":{"rendered":"<p><strong>Le Punch 48 est une nouveaut\u00e9 Habanos 2017.<\/strong> Conditionn\u00e9 dans une belle bo\u00eete de 10 cigares, le tirage \u00e0 cru nous emm\u00e8ne vers des notes de foin et d&rsquo;\u00e9table. Le tout est subtilement relev\u00e9 par des touches de poivre.<\/p>\n<p>Apr\u00e8s un allumage ais\u00e9, les premi\u00e8res bouff\u00e9es sont assez peu marqu\u00e9es, de l\u00e9g\u00e8res touches de sous-bois accompagnent des accents plus marqu\u00e9s de c\u00e8dre. Le deuxi\u00e8me tiers r\u00e9veille le caract\u00e8re du cigare, qui voit d\u00e9sormais le cuir et le c\u00e8dre s\u2019accompagner de notes de tourbes et de r\u00e9glisse. Le final est tr\u00e8s arrondi et bien \u00e9quilibr\u00e9 dont<strong> la puissance reste parfaitement ma\u00eetris\u00e9e.<\/strong> Un v\u00e9ritable coup de c\u0153ur qui <strong>ravira les amateurs de Punch.<\/strong><\/p>","protected":false},"excerpt":{"rendered":"<p>\u6bcf\u76d2 10 \u652f\u96ea\u8304\u3002<\/p>","protected":false},"featured_media":18287,"template":"","meta":{"_acf_changed":false},"product_cat":[24791,40,16717,16775],"product_tag":[],"bundled_by":[],"bundle_stock_status":"outofstock","bundle_stock_quantity":0,"bundle_virtual":false,"bundle_layout":"","bundle_add_to_cart_form_location":"","bundle_editable_in_cart":false,"bundle_sold_individually_context":"","bundle_item_grouping":"","bundle_min_size":"","bundle_max_size":"","bundled_items":[],"acf":[],"_links":{"self":[{"href":"https:\/\/beta.alpscigar.com\/zh\/wp-json\/wp\/v2\/product\/16626"}],"collection":[{"href":"https:\/\/beta.alpscigar.com\/zh\/wp-json\/wp\/v2\/product"}],"about":[{"href":"https:\/\/beta.alpscigar.com\/zh\/wp-json\/wp\/v2\/types\/product"}],"wp:featuredmedia":[{"embeddable":true,"href":"https:\/\/beta.alpscigar.com\/zh\/wp-json\/wp\/v2\/media\/18287"}],"wp:attachment":[{"href":"https:\/\/beta.alpscigar.com\/zh\/wp-json\/wp\/v2\/media?parent=16626"}],"wp:term":[{"taxonomy":"product_cat","embeddable":true,"href":"https:\/\/beta.alpscigar.com\/zh\/wp-json\/wp\/v2\/product_cat?post=16626"},{"taxonomy":"product_tag","embeddable":true,"href":"https:\/\/beta.alpscigar.com\/zh\/wp-json\/wp\/v2\/product_tag?post=16626"}],"curies":[{"name":"wp","href":"https:\/\/api.w.org\/{rel}","templated":true}]}}