{"id":17271,"date":"2019-08-22T13:24:56","date_gmt":"2019-08-22T12:24:56","guid":{"rendered":"https:\/\/alpscigar.com\/?post_type=product&#038;p=17271"},"modified":"2023-09-25T15:47:44","modified_gmt":"2023-09-25T14:47:44","slug":"h-upmann-propios-limited-edition-2018-25","status":"publish","type":"product","link":"https:\/\/beta.alpscigar.com\/zh\/shop\/cigares-cubains\/h-upmann\/h-upmann-propios-limited-edition-2018-25\/","title":{"rendered":"H. Upmann Propios Limited Edition 2018 (25)"},"content":{"rendered":"<p><strong>Le H. Upmann Propios Limited Edition 2018 est un cigare en \u00e9dition limit\u00e9e enti\u00e8rement fabriqu\u00e9 \u00e0 la main.<\/strong><\/p>\n<p>Fabriqu\u00e9 par l&rsquo;une des plus anciennes marques de Cigares cubains, le luxueux habano offre une saveur d\u00e9licieuse moyenne \u00e0 pleine. <strong>Les H. Upmann sont connus pour avoir \u00e9t\u00e9 fum\u00e9s par nul autre que le pr\u00e9sident John F. Kennedy,<\/strong> et sont g\u00e9n\u00e9ralement reconnus pour leur couleur sombre et luxueuse.<\/p>\n<p>Le cigare a une longueur de 120 mm et un diam\u00e8tre de 18.81 mm (bague 46), il est pr\u00e9sent\u00e9 de mani\u00e8re exquise dans un magnifique coffret en bois, contenant 25 cigares sur 2 niveaux.<\/p>\n<p><strong>Cigares en \u00e9dition limit\u00e9e Le H. Upmann Propios Limited Edition 2018 sera achet\u00e9 rapidement par les amateurs de cigares du monde entier.<\/strong><\/p>","protected":false},"excerpt":{"rendered":"<p>\u6bcf\u76d2 25 \u652f\u3002<\/p>","protected":false},"featured_media":17276,"template":"","meta":{"_acf_changed":false},"product_cat":[24791,40,16711,16772],"product_tag":[],"bundled_by":[],"bundle_stock_status":"outofstock","bundle_stock_quantity":0,"bundle_virtual":false,"bundle_layout":"","bundle_add_to_cart_form_location":"","bundle_editable_in_cart":false,"bundle_sold_individually_context":"","bundle_item_grouping":"","bundle_min_size":"","bundle_max_size":"","bundled_items":[],"acf":[],"_links":{"self":[{"href":"https:\/\/beta.alpscigar.com\/zh\/wp-json\/wp\/v2\/product\/17271"}],"collection":[{"href":"https:\/\/beta.alpscigar.com\/zh\/wp-json\/wp\/v2\/product"}],"about":[{"href":"https:\/\/beta.alpscigar.com\/zh\/wp-json\/wp\/v2\/types\/product"}],"wp:featuredmedia":[{"embeddable":true,"href":"https:\/\/beta.alpscigar.com\/zh\/wp-json\/wp\/v2\/media\/17276"}],"wp:attachment":[{"href":"https:\/\/beta.alpscigar.com\/zh\/wp-json\/wp\/v2\/media?parent=17271"}],"wp:term":[{"taxonomy":"product_cat","embeddable":true,"href":"https:\/\/beta.alpscigar.com\/zh\/wp-json\/wp\/v2\/product_cat?post=17271"},{"taxonomy":"product_tag","embeddable":true,"href":"https:\/\/beta.alpscigar.com\/zh\/wp-json\/wp\/v2\/product_tag?post=17271"}],"curies":[{"name":"wp","href":"https:\/\/api.w.org\/{rel}","templated":true}]}}