{"id":18477,"date":"2019-09-05T13:08:43","date_gmt":"2019-09-05T12:08:43","guid":{"rendered":"https:\/\/alpscigar.com\/?post_type=product&#038;p=18477"},"modified":"2023-12-08T13:52:42","modified_gmt":"2023-12-08T12:52:42","slug":"davidoff-royal-release-salomones-10","status":"publish","type":"product","link":"https:\/\/beta.alpscigar.com\/zh\/shop\/dominican-cigars\/davidoff\/davidoff-royal-release-salomones-10\/","title":{"rendered":"\u5927\u536b\u675c\u592b\u7687\u5bb6\u6c99\u9f99\u9999\u69df\uff0810\uff09"},"content":{"rendered":"<p>Pour h\u00e9riter du titre de Davidoff Royal Release, le voyage de la graine au cigare prend 10 ans.\u00a0R\u00e9colt\u00e9 s\u00e9par\u00e9ment des autres cultures et trait\u00e9 dans l&rsquo;\u00e9table royale.\u00a0Notre Head Master Blender veille \u00e0 ce que la couleur, la texture, les ar\u00f4mes et, plus tard, la combustion, soient tous contr\u00f4l\u00e9s afin de garantir le respect des normes requises par un royal.\u00a0Les balles portant le timbre royal sont ensuite laiss\u00e9es pendant 8 ans pour vieillir \u00e0 la perfection.\u00a0Tout au long de cette p\u00e9riode, ils re\u00e7oivent la temp\u00e9rature, la lumi\u00e8re et l\u2019humidit\u00e9 id\u00e9ales pour cr\u00e9er un cigare d\u2019une \u00e9l\u00e9gance aussi majestueuse.<\/p>\n<p>Tout dans un cigare Davidoff Royal Release est tri\u00e9 sur le volet, y compris les mains qui les font rouler. 8 de nos meilleurs rouleurs ont \u00e9t\u00e9 charg\u00e9s d&rsquo;utiliser leurs comp\u00e9tences et leurs connaissances pour cr\u00e9er et fabriquer ce cigare comme personne ne l&rsquo;a jamais vu, tenu ou go\u00fbt\u00e9 auparavant.<\/p>\n<p>L&#8217;emballage Aromatica Dominicana a \u00e9t\u00e9 choisi sp\u00e9cialement pour son extraordinaire beaut\u00e9 et brillance.\u00a0Un emballage sp\u00e9cialement r\u00e9serv\u00e9 \u00e0 notre ligne Royal Release, qui n&rsquo;appara\u00eetra sur aucun autre cigare Davidoff.\u00a0Le cigare ravit le palais d\u00e8s la premi\u00e8re bouff\u00e9e avec des saveurs \u00e9l\u00e9gantes de bois de ch\u00eane, de cuir et d&rsquo;\u00e9pices fra\u00eeches, ainsi que des notes de ma\u00efs sucr\u00e9 et de chocolat au lait avec un arri\u00e8re-go\u00fbt cr\u00e9meux.<\/p>","protected":false},"excerpt":{"rendered":"<p>\u6bcf\u76d2 10 \u652f\u96ea\u8304\u3002<\/p>","protected":false},"featured_media":18494,"template":"","meta":{"_acf_changed":false},"product_cat":[24791,21990,24719,23555,14927,21059,14931],"product_tag":[20189],"bundled_by":[],"bundle_stock_status":"instock","bundle_stock_quantity":17,"bundle_virtual":false,"bundle_layout":"","bundle_add_to_cart_form_location":"","bundle_editable_in_cart":false,"bundle_sold_individually_context":"","bundle_item_grouping":"","bundle_min_size":"","bundle_max_size":"","bundled_items":[],"acf":[],"_links":{"self":[{"href":"https:\/\/beta.alpscigar.com\/zh\/wp-json\/wp\/v2\/product\/18477"}],"collection":[{"href":"https:\/\/beta.alpscigar.com\/zh\/wp-json\/wp\/v2\/product"}],"about":[{"href":"https:\/\/beta.alpscigar.com\/zh\/wp-json\/wp\/v2\/types\/product"}],"wp:featuredmedia":[{"embeddable":true,"href":"https:\/\/beta.alpscigar.com\/zh\/wp-json\/wp\/v2\/media\/18494"}],"wp:attachment":[{"href":"https:\/\/beta.alpscigar.com\/zh\/wp-json\/wp\/v2\/media?parent=18477"}],"wp:term":[{"taxonomy":"product_cat","embeddable":true,"href":"https:\/\/beta.alpscigar.com\/zh\/wp-json\/wp\/v2\/product_cat?post=18477"},{"taxonomy":"product_tag","embeddable":true,"href":"https:\/\/beta.alpscigar.com\/zh\/wp-json\/wp\/v2\/product_tag?post=18477"}],"curies":[{"name":"wp","href":"https:\/\/api.w.org\/{rel}","templated":true}]}}