{"id":25079,"date":"2019-11-08T11:02:25","date_gmt":"2019-11-08T10:02:25","guid":{"rendered":"https:\/\/alpscigar.com\/?post_type=product&#038;p=25079"},"modified":"2023-12-07T23:09:17","modified_gmt":"2023-12-07T22:09:17","slug":"davidoff-royal-release-robusto-wooden-box","status":"publish","type":"product","link":"https:\/\/beta.alpscigar.com\/zh\/shop\/dominican-cigars\/davidoff\/davidoff-royal-release-robusto-wooden-box\/","title":{"rendered":"Davidoff Royal Release Robusto + Bo\u00eete en bois"},"content":{"rendered":"<p><strong>A l\u2019achat d\u2019un cigare Davidoff Royal Release Robusto, une bo\u00eete en bois vous est offerte.<\/strong><\/p>\n<p>Depuis 10 ans, le Davidoff Royal Release Robusto offre une grande densit\u00e9 de saveurs et une complexit\u00e9 extraordinaire. Fabriqu\u00e9 uniquement \u00e0 partir de nos meilleurs rouleaux, des notes sophistiqu\u00e9es et \u00e9l\u00e9gantes de bois de ch\u00eane, de cuir, de cr\u00e8me, d\u2019amandes et de brioche distinguent clairement ce Robusto.\u00a0Une stimulation des sens qui s\u2019\u00e9l\u00e8ve au dessus de l\u2019ordinaire.<\/p>\n<p><a href=\"https:\/\/alpscigar.com\/shop\/dominican-cigars\/davidoff\/limited-editions\/davidoff-royal-release-robusto-10\/\">Voir la bo\u00eete Davidoff Royal Release Robusto<\/a><\/p>","protected":false},"excerpt":{"rendered":"<div class=\"product-short-description\">1 cigare avec une bo\u00eete en bois.<\/div>","protected":false},"featured_media":25084,"template":"","meta":{"_acf_changed":false},"product_cat":[23555,14927,21059,14931],"product_tag":[],"bundled_by":[],"bundle_stock_status":"outofstock","bundle_stock_quantity":0,"bundle_virtual":false,"bundle_layout":"","bundle_add_to_cart_form_location":"","bundle_editable_in_cart":false,"bundle_sold_individually_context":"","bundle_item_grouping":"","bundle_min_size":"","bundle_max_size":"","bundled_items":[],"acf":[],"_links":{"self":[{"href":"https:\/\/beta.alpscigar.com\/zh\/wp-json\/wp\/v2\/product\/25079"}],"collection":[{"href":"https:\/\/beta.alpscigar.com\/zh\/wp-json\/wp\/v2\/product"}],"about":[{"href":"https:\/\/beta.alpscigar.com\/zh\/wp-json\/wp\/v2\/types\/product"}],"wp:featuredmedia":[{"embeddable":true,"href":"https:\/\/beta.alpscigar.com\/zh\/wp-json\/wp\/v2\/media\/25084"}],"wp:attachment":[{"href":"https:\/\/beta.alpscigar.com\/zh\/wp-json\/wp\/v2\/media?parent=25079"}],"wp:term":[{"taxonomy":"product_cat","embeddable":true,"href":"https:\/\/beta.alpscigar.com\/zh\/wp-json\/wp\/v2\/product_cat?post=25079"},{"taxonomy":"product_tag","embeddable":true,"href":"https:\/\/beta.alpscigar.com\/zh\/wp-json\/wp\/v2\/product_tag?post=25079"}],"curies":[{"name":"wp","href":"https:\/\/api.w.org\/{rel}","templated":true}]}}