{"id":33574,"date":"2020-02-24T10:50:53","date_gmt":"2020-02-24T09:50:53","guid":{"rendered":"https:\/\/alpscigar.com\/?post_type=product&#038;p=33574"},"modified":"2023-12-04T10:16:24","modified_gmt":"2023-12-04T09:16:24","slug":"trinidad-short-10-10-x-10","status":"publish","type":"product","link":"https:\/\/beta.alpscigar.com\/zh\/shop\/\u672c\u5468\u4f18\u60e0\/cuba\/trinidad-short-10-10-x-10\/","title":{"rendered":"\u7279\u7acb\u5c3c\u8fbe\u77ed\u7247\uff0810\u00d710\uff09"},"content":{"rendered":"<p>Le cigare Trinidad Short est le petit compagnon id\u00e9al pour des moments d&rsquo;une grande intensit\u00e9. Un petit module tr\u00e8s agr\u00e9able aux ar\u00f4mes cr\u00e9meux et d\u00e9licats de Trinidad.<\/p>","protected":false},"excerpt":{"rendered":"<p>10 \u76d2 10 \u652f\u96ea\u8304 = 100 \u652f\u96ea\u8304\u3002<\/p>","protected":false},"featured_media":33579,"template":"","meta":{"_acf_changed":false},"product_cat":[24791,24638,21990,24718,40,14874],"product_tag":[],"bundled_by":[],"bundle_stock_status":"instock","bundle_stock_quantity":42,"bundle_virtual":false,"bundle_layout":"","bundle_add_to_cart_form_location":"","bundle_editable_in_cart":false,"bundle_sold_individually_context":"","bundle_item_grouping":"","bundle_min_size":"","bundle_max_size":"","bundled_items":[],"acf":[],"_links":{"self":[{"href":"https:\/\/beta.alpscigar.com\/zh\/wp-json\/wp\/v2\/product\/33574"}],"collection":[{"href":"https:\/\/beta.alpscigar.com\/zh\/wp-json\/wp\/v2\/product"}],"about":[{"href":"https:\/\/beta.alpscigar.com\/zh\/wp-json\/wp\/v2\/types\/product"}],"wp:featuredmedia":[{"embeddable":true,"href":"https:\/\/beta.alpscigar.com\/zh\/wp-json\/wp\/v2\/media\/33579"}],"wp:attachment":[{"href":"https:\/\/beta.alpscigar.com\/zh\/wp-json\/wp\/v2\/media?parent=33574"}],"wp:term":[{"taxonomy":"product_cat","embeddable":true,"href":"https:\/\/beta.alpscigar.com\/zh\/wp-json\/wp\/v2\/product_cat?post=33574"},{"taxonomy":"product_tag","embeddable":true,"href":"https:\/\/beta.alpscigar.com\/zh\/wp-json\/wp\/v2\/product_tag?post=33574"}],"curies":[{"name":"wp","href":"https:\/\/api.w.org\/{rel}","templated":true}]}}