{"id":41378,"date":"2020-08-07T15:11:40","date_gmt":"2020-08-07T14:11:40","guid":{"rendered":"https:\/\/alpscigar.com\/?post_type=product&#038;p=41378"},"modified":"2023-09-25T15:00:07","modified_gmt":"2023-09-25T14:00:07","slug":"partagas-capitols-5","status":"publish","type":"product","link":"https:\/\/beta.alpscigar.com\/zh\/shop\/cigares-cubains\/partagas\/partagas-capitols-5\/","title":{"rendered":"Partagas Capitols (5)"},"content":{"rendered":"<p>Habanos S.A. pr\u00e9sente sa nouvelle L\u00ednea retro \u00e0 la 35e \u00e9dition de la Foire internationale de La Havane. Cette nouvelle L\u00ednea Retro d\u00e9marre avec deux produits : Partagas Capitols et Romeo y Julieta Club Kings.<\/p>\n<p>La nouvelle L\u00ednea Retro se distingue par sa pr\u00e9sentation en bo\u00eete m\u00e9tallique les Partagas Capitols. Un design attrayant inspir\u00e9 des porte-cigares de poche originaux qui sont devenus si populaires dans les ann\u00e9es soixante-dix. De nos jours, ces pi\u00e8ces sont tr\u00e8s appr\u00e9ci\u00e9es et recherch\u00e9es par les collectionneurs.<\/p>\n<p>Les \u00e9tuis \u00e0 cigares Partagas Capitols pr\u00e9sentent une conception technique d\u00e9velopp\u00e9e exclusivement pour Habanos S.A. qui sera uniquement utilis\u00e9e pour les lancements de produits L\u00ednea Retro.<\/p>\n<p>Article Haflwheel : <a href=\"https:\/\/halfwheel.com\/partagas-capitols-to-arrive-in-switzerland-next-week\/379840\/\" target=\"_blank\" rel=\"noopener noreferrer\">Partagas Capitols<\/a><\/p>","protected":false},"excerpt":{"rendered":"<p>Bo\u00eete m\u00e9tallique de 5 cigares.<\/p>","protected":false},"featured_media":41383,"template":"","meta":{"_acf_changed":false},"product_cat":[24791,40,14862],"product_tag":[],"bundled_by":[],"bundle_stock_status":"outofstock","bundle_stock_quantity":0,"bundle_virtual":false,"bundle_layout":"","bundle_add_to_cart_form_location":"","bundle_editable_in_cart":false,"bundle_sold_individually_context":"","bundle_item_grouping":"","bundle_min_size":"","bundle_max_size":"","bundled_items":[],"acf":[],"_links":{"self":[{"href":"https:\/\/beta.alpscigar.com\/zh\/wp-json\/wp\/v2\/product\/41378"}],"collection":[{"href":"https:\/\/beta.alpscigar.com\/zh\/wp-json\/wp\/v2\/product"}],"about":[{"href":"https:\/\/beta.alpscigar.com\/zh\/wp-json\/wp\/v2\/types\/product"}],"wp:featuredmedia":[{"embeddable":true,"href":"https:\/\/beta.alpscigar.com\/zh\/wp-json\/wp\/v2\/media\/41383"}],"wp:attachment":[{"href":"https:\/\/beta.alpscigar.com\/zh\/wp-json\/wp\/v2\/media?parent=41378"}],"wp:term":[{"taxonomy":"product_cat","embeddable":true,"href":"https:\/\/beta.alpscigar.com\/zh\/wp-json\/wp\/v2\/product_cat?post=41378"},{"taxonomy":"product_tag","embeddable":true,"href":"https:\/\/beta.alpscigar.com\/zh\/wp-json\/wp\/v2\/product_tag?post=41378"}],"curies":[{"name":"wp","href":"https:\/\/api.w.org\/{rel}","templated":true}]}}