{"id":45129,"date":"2020-11-10T16:18:46","date_gmt":"2020-11-10T15:18:46","guid":{"rendered":"https:\/\/alpscigar.com\/?post_type=product&#038;p=45129"},"modified":"2023-08-31T14:15:55","modified_gmt":"2023-08-31T13:15:55","slug":"montecristo-set-open-4","status":"publish","type":"product","link":"https:\/\/beta.alpscigar.com\/zh\/shop\/cigares-cubains\/montecristo\/montecristo-linea-open\/montecristo-set-open-4\/","title":{"rendered":"Montecristo Set Open (4)"},"content":{"rendered":"<p>Avec l&rsquo;introduction de la ligne Open en 2009, un nouveau chapitre de l&rsquo;histoire de Montecristo a commenc\u00e9. Les quatre formats de la ligne Montecristo Open sont roul\u00e9s \u00e0 partir du meilleur tabac de la Vuelta Abajo, mais sont plus faciles \u00e0 composer que les autres Havanas.<\/p>\n<p>Avec son go\u00fbt doux, qui conserve encore une note caract\u00e9ristique de La Havane, le Montecristo Open s&rsquo;adresse aux d\u00e9butants et aux connaisseurs qui trouvent le cigare cubain traditionnel trop fort. Le sampler Montecristo Set Open contient une copie de chacun des quatre formats de la s\u00e9rie Open, le Montecristo Eagle, le Montecristo Regata, le Montecristo Master et le Montecristo Junior. Les Havannas sont livr\u00e9s dans une bo\u00eete en bois aux couleurs Montecristo Open.<\/p>","protected":false},"excerpt":{"rendered":"<p>Sampler de 4 cigares.<\/p>","protected":false},"featured_media":45133,"template":"","meta":{"_acf_changed":false},"product_cat":[24791,40,14865,20979],"product_tag":[],"bundled_by":[],"bundle_stock_status":"outofstock","bundle_stock_quantity":0,"bundle_virtual":false,"bundle_layout":"","bundle_add_to_cart_form_location":"","bundle_editable_in_cart":false,"bundle_sold_individually_context":"","bundle_item_grouping":"","bundle_min_size":"","bundle_max_size":"","bundled_items":[],"acf":[],"_links":{"self":[{"href":"https:\/\/beta.alpscigar.com\/zh\/wp-json\/wp\/v2\/product\/45129"}],"collection":[{"href":"https:\/\/beta.alpscigar.com\/zh\/wp-json\/wp\/v2\/product"}],"about":[{"href":"https:\/\/beta.alpscigar.com\/zh\/wp-json\/wp\/v2\/types\/product"}],"wp:featuredmedia":[{"embeddable":true,"href":"https:\/\/beta.alpscigar.com\/zh\/wp-json\/wp\/v2\/media\/45133"}],"wp:attachment":[{"href":"https:\/\/beta.alpscigar.com\/zh\/wp-json\/wp\/v2\/media?parent=45129"}],"wp:term":[{"taxonomy":"product_cat","embeddable":true,"href":"https:\/\/beta.alpscigar.com\/zh\/wp-json\/wp\/v2\/product_cat?post=45129"},{"taxonomy":"product_tag","embeddable":true,"href":"https:\/\/beta.alpscigar.com\/zh\/wp-json\/wp\/v2\/product_tag?post=45129"}],"curies":[{"name":"wp","href":"https:\/\/api.w.org\/{rel}","templated":true}]}}