{"id":45659,"date":"2020-11-25T17:02:58","date_gmt":"2020-11-25T16:02:58","guid":{"rendered":"https:\/\/alpscigar.com\/shop\/uncategorized\/import-placeholder-for-14018\/"},"modified":"2023-08-31T14:16:18","modified_gmt":"2023-08-31T13:16:18","slug":"toscano-antico-50","status":"publish","type":"product","link":"https:\/\/beta.alpscigar.com\/zh\/shop\/italian-cigars\/toscano\/toscano-antico-50\/","title":{"rendered":"Toscano Antico (50)"},"content":{"rendered":"<p>Le Toscano Antico est le cigare ultime pour les gens difficiles.\u00a0<strong>Ce cigare rustique est la co-vedette de Clint Eastwood dans son c\u00e9l\u00e8bre film Spaghetti Western r\u00e9alis\u00e9 par Sergio Leone.<\/strong>\u00a0Un m\u00e9lange des meilleurs tabacs du Kentucky italiens et am\u00e9ricains,\u00a0<strong>\u00e2g\u00e9s de 12 mois,<\/strong>\u00a0lui conf\u00e8re des saveurs vives et \u00e9pic\u00e9es de poivre, de bois de caryer et de ch\u00eane.<\/p>\n<p>10 \u76d2\uff0c\u6bcf\u76d2 5 \u652f\u96ea\u8304\u3002<\/p>","protected":false},"excerpt":{"rendered":"<p>10 \u76d2\uff0c\u6bcf\u76d2 5 \u652f\u96ea\u8304\u3002<\/p>","protected":false},"featured_media":61229,"template":"","meta":{"_acf_changed":false},"product_cat":[24791,23203,23223],"product_tag":[],"bundled_by":[],"bundle_stock_status":"outofstock","bundle_stock_quantity":0,"bundle_virtual":false,"bundle_layout":"","bundle_add_to_cart_form_location":"","bundle_editable_in_cart":false,"bundle_sold_individually_context":"","bundle_item_grouping":"","bundle_min_size":"","bundle_max_size":"","bundled_items":[],"acf":[],"_links":{"self":[{"href":"https:\/\/beta.alpscigar.com\/zh\/wp-json\/wp\/v2\/product\/45659"}],"collection":[{"href":"https:\/\/beta.alpscigar.com\/zh\/wp-json\/wp\/v2\/product"}],"about":[{"href":"https:\/\/beta.alpscigar.com\/zh\/wp-json\/wp\/v2\/types\/product"}],"wp:featuredmedia":[{"embeddable":true,"href":"https:\/\/beta.alpscigar.com\/zh\/wp-json\/wp\/v2\/media\/61229"}],"wp:attachment":[{"href":"https:\/\/beta.alpscigar.com\/zh\/wp-json\/wp\/v2\/media?parent=45659"}],"wp:term":[{"taxonomy":"product_cat","embeddable":true,"href":"https:\/\/beta.alpscigar.com\/zh\/wp-json\/wp\/v2\/product_cat?post=45659"},{"taxonomy":"product_tag","embeddable":true,"href":"https:\/\/beta.alpscigar.com\/zh\/wp-json\/wp\/v2\/product_tag?post=45659"}],"curies":[{"name":"wp","href":"https:\/\/api.w.org\/{rel}","templated":true}]}}