{"id":47785,"date":"2021-01-19T16:22:41","date_gmt":"2021-01-19T15:22:41","guid":{"rendered":"https:\/\/alpscigar.com\/?post_type=product&#038;p=47785"},"modified":"2023-11-21T10:13:09","modified_gmt":"2023-11-21T09:13:09","slug":"h-upmann-regalias-5","status":"publish","type":"product","link":"https:\/\/beta.alpscigar.com\/zh\/shop\/cigares-cubains\/h-upmann\/h-upmann-regalias-5\/","title":{"rendered":"H. Upmann Regal\u00edas (5)"},"content":{"rendered":"<p>La L\u00ednea Retro a \u00e9t\u00e9 annonc\u00e9e fin 2017 par Habanos S.A, elle s\u2019enrichie d\u2019un troisi\u00e8me cigare : le <strong>H. Upmann Regal\u00edas.<\/strong> Ce dernier vient ainsi rejoindre les Romeo y Julieta Club Kings et les Partag\u00e1s Capitols.<\/p>\n<p>Le H. Upmann Regal\u00edas figure depuis longtemps au catalogue de H. Upmann. Son introduction date d\u2019avant 1960. Cependant avant d\u2019\u00eatre roul\u00e9 selon la tradition \u00abTotalmente a Mano con Tripa Larga\u00bb, il fut fabriqu\u00e9 \u00e0 la machine, jusqu\u2019en 2002.<\/p>\n<p>Soigneusement dispos\u00e9s dans un \u00e9tui en aluminium au look \u00abr\u00e9tro\u00bb, inspir\u00e9 des porte-cigares de poche originaux si populaires dans les ann\u00e9es 1970, les Regal\u00edas sont, comme les Romeo y Julieta Club Kings et les Partag\u00e1s Capitols, des Petit Coronas de 16.53 mm (42) x 129 mm, une vitole encore tr\u00e8s utilis\u00e9e par les marques de Habanos.<\/p>\n<p>D\u2019ailleurs, lors de l\u2019annonce du lancement de la L\u00ednea Retro, Habanos S.A. a d\u00e9clar\u00e9 que ce format \u00e9tait \u00abprobablement le format le plus populaire dans l&rsquo;histoire de Habanos\u00bb. Gr\u00e2ce \u00e0\u00a0L\u00ednea Retro, la marque\u00a0H. Upmann\u00a0offre un nouveau packaging \u00e0 son\u00a0Regal\u00edas\u00a0qui \u00e9tait jusqu\u2019\u00e0 lors uniquement disponible en bo\u00eete de\u00a025 cigares.<\/p>\n<p>Le <strong>H. Upmann Regal\u00edas<\/strong> est un cigare au module Petit Corona qui n\u00e9cessitera environ 30 minutes pour \u00eatre d\u00e9gust\u00e9.<\/p>","protected":false},"excerpt":{"rendered":"<p>Bo\u00eete m\u00e9tal de 5 cigares.<\/p>","protected":false},"featured_media":47789,"template":"","meta":{"_acf_changed":false},"product_cat":[24791,40,16711],"product_tag":[],"bundled_by":[],"bundle_stock_status":"outofstock","bundle_stock_quantity":0,"bundle_virtual":false,"bundle_layout":"","bundle_add_to_cart_form_location":"","bundle_editable_in_cart":false,"bundle_sold_individually_context":"","bundle_item_grouping":"","bundle_min_size":"","bundle_max_size":"","bundled_items":[],"acf":[],"_links":{"self":[{"href":"https:\/\/beta.alpscigar.com\/zh\/wp-json\/wp\/v2\/product\/47785"}],"collection":[{"href":"https:\/\/beta.alpscigar.com\/zh\/wp-json\/wp\/v2\/product"}],"about":[{"href":"https:\/\/beta.alpscigar.com\/zh\/wp-json\/wp\/v2\/types\/product"}],"wp:featuredmedia":[{"embeddable":true,"href":"https:\/\/beta.alpscigar.com\/zh\/wp-json\/wp\/v2\/media\/47789"}],"wp:attachment":[{"href":"https:\/\/beta.alpscigar.com\/zh\/wp-json\/wp\/v2\/media?parent=47785"}],"wp:term":[{"taxonomy":"product_cat","embeddable":true,"href":"https:\/\/beta.alpscigar.com\/zh\/wp-json\/wp\/v2\/product_cat?post=47785"},{"taxonomy":"product_tag","embeddable":true,"href":"https:\/\/beta.alpscigar.com\/zh\/wp-json\/wp\/v2\/product_tag?post=47785"}],"curies":[{"name":"wp","href":"https:\/\/api.w.org\/{rel}","templated":true}]}}