{"id":51845,"date":"2021-06-23T09:58:51","date_gmt":"2021-06-23T08:58:51","guid":{"rendered":"https:\/\/alpscigar.com\/?post_type=product&#038;p=51845"},"modified":"2023-10-30T16:50:43","modified_gmt":"2023-10-30T15:50:43","slug":"vegueros-centrofinos-16","status":"publish","type":"product","link":"https:\/\/beta.alpscigar.com\/zh\/shop\/cigares-cubains\/vegueros\/vegueros-centrofinos-16\/","title":{"rendered":"Vegueros Centrofinos (16)"},"content":{"rendered":"<p>L&rsquo;un des trois derniers produits fabriqu\u00e9s par Habanos S.A. pour la marque Vegueros. Chaque nouveau produit de Habanos S.A. a toujours \u00e9t\u00e9 de qualit\u00e9 et ce cigare est vraiment bon pour son prix. Il laissera un go\u00fbt sal\u00e9 en bouche.<br \/>\nLe Vegueros Centrofinos pr\u00e9sente le nouveau look de la marque dans une bo\u00eete en m\u00e9tal de 16 unit\u00e9s. C&rsquo;est un format tendance, tr\u00e8s appr\u00e9ci\u00e9 du fumeur qui cherche un meilleur prix sans oublier la qualit\u00e9.<\/p>\n<p>Des \u00e9pices de poivre et de c\u00e8dre, une douceur fleurie et des notes am\u00e8res d\u00e9licates font de ce format Vegueros Centrofinos un traitement \u00e9quilibr\u00e9.<\/p>","protected":false},"excerpt":{"rendered":"<p>Bo\u00eete en m\u00e9tal de 16 cigares.<\/p>","protected":false},"featured_media":51847,"template":"","meta":{"_acf_changed":false},"product_cat":[24791,40,16735],"product_tag":[],"bundled_by":[],"bundle_stock_status":"outofstock","bundle_stock_quantity":0,"bundle_virtual":false,"bundle_layout":"","bundle_add_to_cart_form_location":"","bundle_editable_in_cart":false,"bundle_sold_individually_context":"","bundle_item_grouping":"","bundle_min_size":"","bundle_max_size":"","bundled_items":[],"acf":[],"_links":{"self":[{"href":"https:\/\/beta.alpscigar.com\/zh\/wp-json\/wp\/v2\/product\/51845"}],"collection":[{"href":"https:\/\/beta.alpscigar.com\/zh\/wp-json\/wp\/v2\/product"}],"about":[{"href":"https:\/\/beta.alpscigar.com\/zh\/wp-json\/wp\/v2\/types\/product"}],"wp:featuredmedia":[{"embeddable":true,"href":"https:\/\/beta.alpscigar.com\/zh\/wp-json\/wp\/v2\/media\/51847"}],"wp:attachment":[{"href":"https:\/\/beta.alpscigar.com\/zh\/wp-json\/wp\/v2\/media?parent=51845"}],"wp:term":[{"taxonomy":"product_cat","embeddable":true,"href":"https:\/\/beta.alpscigar.com\/zh\/wp-json\/wp\/v2\/product_cat?post=51845"},{"taxonomy":"product_tag","embeddable":true,"href":"https:\/\/beta.alpscigar.com\/zh\/wp-json\/wp\/v2\/product_tag?post=51845"}],"curies":[{"name":"wp","href":"https:\/\/api.w.org\/{rel}","templated":true}]}}