{"id":52839,"date":"2021-08-19T15:18:22","date_gmt":"2021-08-19T14:18:22","guid":{"rendered":"https:\/\/alpscigar.com\/?post_type=product&#038;p=52839"},"modified":"2023-11-04T00:13:39","modified_gmt":"2023-11-03T23:13:39","slug":"jose-l-piedra-cazadores-5x5","status":"publish","type":"product","link":"https:\/\/beta.alpscigar.com\/zh\/shop\/cigares-cubains\/jose-l-piedra\/jose-l-piedra-cazadores-5x5\/","title":{"rendered":"Jose L. Piedra Cazadores (5&#215;5)"},"content":{"rendered":"<p>Le <strong>Jos\u00e9 L. Piedra Cazadores<\/strong> est un Habano particuli\u00e8rement remarquable non seulement parce que son m\u00e9lange est compos\u00e9 de tabacs cultiv\u00e9s exclusivement \u00e0 Cuba, mais aussi parce qu&rsquo;il est fabriqu\u00e9 selon la technique Totalmente a Mano, Tripa Corta, ou \u00ab\u00a0enti\u00e8rement fait \u00e0 la main, remplissage court\u00a0\u00bb.<\/p>\n<p>En bouche, les saveurs sont essentiellement bois\u00e9es et v\u00e9g\u00e9tales. Par la suite, un peu de poivre compl\u00e8te la palette aromatique. C&rsquo;est un cigare de force moyenne.<\/p>\n<p>La famille Piedra est arriv\u00e9e \u00e0 Cuba dans les ann\u00e9es 1880 en provenance de la province espagnole des Asturies.Ils se sont install\u00e9s pr\u00e8s de la ville de Santa Clara, qui se trouve au c\u0153ur de la r\u00e9gion de Remedios, o\u00f9 le tabac est cultiv\u00e9 depuis le XVIe si\u00e8cle, et ont commenc\u00e9 \u00e0 fabriquer des cigares.<br \/>\nLa deuxi\u00e8me g\u00e9n\u00e9ration de la famille, dirig\u00e9e par Jos\u00e9 Lamadrid Piedra, dont le nom est comm\u00e9mor\u00e9 aujourd&rsquo;hui, a fond\u00e9 et d\u00e9velopp\u00e9 la marque.<\/p>\n<p>Le <strong>Jos\u00e9 L. Piedra Cazadores<\/strong> est un cigare au module Corona qui mesure 152 mm de longueur pour 17,07 mm de diam\u00e8tre (bague 43). Il vous faudra environ 45 minutes pour le d\u00e9guster correctement.<\/p>\n<p>&nbsp;<\/p>","protected":false},"excerpt":{"rendered":"<p>5 \u76d2\u96ea\u8304\uff0c\u6bcf\u76d2 5 \u652f\u3002<\/p>","protected":false},"featured_media":52840,"template":"","meta":{"_acf_changed":false},"product_cat":[24791,40,16713],"product_tag":[],"bundled_by":[],"bundle_stock_status":"outofstock","bundle_stock_quantity":0,"bundle_virtual":false,"bundle_layout":"","bundle_add_to_cart_form_location":"","bundle_editable_in_cart":false,"bundle_sold_individually_context":"","bundle_item_grouping":"","bundle_min_size":"","bundle_max_size":"","bundled_items":[],"acf":[],"_links":{"self":[{"href":"https:\/\/beta.alpscigar.com\/zh\/wp-json\/wp\/v2\/product\/52839"}],"collection":[{"href":"https:\/\/beta.alpscigar.com\/zh\/wp-json\/wp\/v2\/product"}],"about":[{"href":"https:\/\/beta.alpscigar.com\/zh\/wp-json\/wp\/v2\/types\/product"}],"wp:featuredmedia":[{"embeddable":true,"href":"https:\/\/beta.alpscigar.com\/zh\/wp-json\/wp\/v2\/media\/52840"}],"wp:attachment":[{"href":"https:\/\/beta.alpscigar.com\/zh\/wp-json\/wp\/v2\/media?parent=52839"}],"wp:term":[{"taxonomy":"product_cat","embeddable":true,"href":"https:\/\/beta.alpscigar.com\/zh\/wp-json\/wp\/v2\/product_cat?post=52839"},{"taxonomy":"product_tag","embeddable":true,"href":"https:\/\/beta.alpscigar.com\/zh\/wp-json\/wp\/v2\/product_tag?post=52839"}],"curies":[{"name":"wp","href":"https:\/\/api.w.org\/{rel}","templated":true}]}}