{"id":53030,"date":"2021-08-27T11:03:48","date_gmt":"2021-08-27T10:03:48","guid":{"rendered":"https:\/\/alpscigar.com\/?post_type=product&#038;p=53030"},"modified":"2023-09-25T14:49:06","modified_gmt":"2023-09-25T13:49:06","slug":"montecristo-open-eagle-tubos-5x3","status":"publish","type":"product","link":"https:\/\/beta.alpscigar.com\/zh\/shop\/cigares-cubains\/montecristo\/montecristo-linea-open\/montecristo-open-eagle-tubos-5x3\/","title":{"rendered":"Montecristo Open Eagle Tubos (5&#215;3)"},"content":{"rendered":"<p>Une vitole au format d\u00e9j\u00e0 imposant,\u00a0<strong>le Montecristo Open Eagle est bien construit, pr\u00e9sent\u00e9 dans une cape grasse et soyeuse.<\/strong>\u00a0A cru, l\u2019ar\u00f4me de chocolat et de bois sont bien pr\u00e9sents. L\u2019embrassement s\u2019op\u00e8re ais\u00e9ment, les premi\u00e8res bouff\u00e9es sont onctueuses au palais avec des tonalit\u00e9s de vanille et de c\u00e8dre, un grand sentiment de douceur sans trop de complexit\u00e9. La cendre assez compacte confirme la bonne qualit\u00e9 de cette vitole.<\/p>\n<p>Le second tiers confirme la douceur du d\u00e9but et la grande lin\u00e9arit\u00e9 de cette vitole.\u00a0<strong>Le final fait rena\u00eetre des ar\u00f4mes de bois.<\/strong><\/p>","protected":false},"excerpt":{"rendered":"<p>5 \u76d2\u88c5\u96ea\u8304\uff0c\u6bcf\u76d2 3 \u652f\u3002<\/p>","protected":false},"featured_media":53031,"template":"","meta":{"_acf_changed":false},"product_cat":[24791,40,14865,20979],"product_tag":[],"bundled_by":[],"bundle_stock_status":"outofstock","bundle_stock_quantity":0,"bundle_virtual":false,"bundle_layout":"","bundle_add_to_cart_form_location":"","bundle_editable_in_cart":false,"bundle_sold_individually_context":"","bundle_item_grouping":"","bundle_min_size":"","bundle_max_size":"","bundled_items":[],"acf":[],"_links":{"self":[{"href":"https:\/\/beta.alpscigar.com\/zh\/wp-json\/wp\/v2\/product\/53030"}],"collection":[{"href":"https:\/\/beta.alpscigar.com\/zh\/wp-json\/wp\/v2\/product"}],"about":[{"href":"https:\/\/beta.alpscigar.com\/zh\/wp-json\/wp\/v2\/types\/product"}],"wp:featuredmedia":[{"embeddable":true,"href":"https:\/\/beta.alpscigar.com\/zh\/wp-json\/wp\/v2\/media\/53031"}],"wp:attachment":[{"href":"https:\/\/beta.alpscigar.com\/zh\/wp-json\/wp\/v2\/media?parent=53030"}],"wp:term":[{"taxonomy":"product_cat","embeddable":true,"href":"https:\/\/beta.alpscigar.com\/zh\/wp-json\/wp\/v2\/product_cat?post=53030"},{"taxonomy":"product_tag","embeddable":true,"href":"https:\/\/beta.alpscigar.com\/zh\/wp-json\/wp\/v2\/product_tag?post=53030"}],"curies":[{"name":"wp","href":"https:\/\/api.w.org\/{rel}","templated":true}]}}