{"id":53036,"date":"2021-08-27T15:04:12","date_gmt":"2021-08-27T14:04:12","guid":{"rendered":"https:\/\/alpscigar.com\/?post_type=product&#038;p=53036"},"modified":"2023-12-18T04:39:53","modified_gmt":"2023-12-18T03:39:53","slug":"montecristo-open-master-tubos-5x3","status":"publish","type":"product","link":"https:\/\/beta.alpscigar.com\/zh\/shop\/cigares-cubains\/montecristo\/montecristo-linea-open\/montecristo-open-master-tubos-5x3\/","title":{"rendered":"Montecristo Open Master Tubos (5&#215;3)"},"content":{"rendered":"<p><strong>Le Montecristo Open Master Tubos est un cigare \u00e0 longue tripe d\u2019une longueur de 124 mm et d\u2019un diam\u00e8tre de 19 mm<\/strong> (Calibre 50). Son module est un Robusto. Ces dimensions offrent au fumeur 35 minutes de plaisir. Le cigare est enti\u00e8rement r\u00e9alis\u00e9 \u00e0 la main. La dext\u00e9rit\u00e9 des torcedores qui ont la charge de sa fabrication est v\u00e9rifi\u00e9e dans son fini parfait et sa belle cape colorado claro extr\u00eamement fine.<\/p>","protected":false},"excerpt":{"rendered":"<p>5 \u76d2\u88c5\u96ea\u8304\uff0c\u6bcf\u76d2 3 \u652f\u3002<\/p>","protected":false},"featured_media":53037,"template":"","meta":{"_acf_changed":false},"product_cat":[24791,24638,40,14865,20979],"product_tag":[],"bundled_by":[],"bundle_stock_status":"instock","bundle_stock_quantity":9,"bundle_virtual":false,"bundle_layout":"","bundle_add_to_cart_form_location":"","bundle_editable_in_cart":false,"bundle_sold_individually_context":"","bundle_item_grouping":"","bundle_min_size":"","bundle_max_size":"","bundled_items":[],"acf":[],"_links":{"self":[{"href":"https:\/\/beta.alpscigar.com\/zh\/wp-json\/wp\/v2\/product\/53036"}],"collection":[{"href":"https:\/\/beta.alpscigar.com\/zh\/wp-json\/wp\/v2\/product"}],"about":[{"href":"https:\/\/beta.alpscigar.com\/zh\/wp-json\/wp\/v2\/types\/product"}],"wp:featuredmedia":[{"embeddable":true,"href":"https:\/\/beta.alpscigar.com\/zh\/wp-json\/wp\/v2\/media\/53037"}],"wp:attachment":[{"href":"https:\/\/beta.alpscigar.com\/zh\/wp-json\/wp\/v2\/media?parent=53036"}],"wp:term":[{"taxonomy":"product_cat","embeddable":true,"href":"https:\/\/beta.alpscigar.com\/zh\/wp-json\/wp\/v2\/product_cat?post=53036"},{"taxonomy":"product_tag","embeddable":true,"href":"https:\/\/beta.alpscigar.com\/zh\/wp-json\/wp\/v2\/product_tag?post=53036"}],"curies":[{"name":"wp","href":"https:\/\/api.w.org\/{rel}","templated":true}]}}