{"id":53077,"date":"2021-08-30T13:03:41","date_gmt":"2021-08-30T12:03:41","guid":{"rendered":"https:\/\/alpscigar.com\/?post_type=product&#038;p=53077"},"modified":"2023-09-25T14:51:07","modified_gmt":"2023-09-25T13:51:07","slug":"montecristo-open-regata-tubos-5x3","status":"publish","type":"product","link":"https:\/\/beta.alpscigar.com\/zh\/shop\/cigares-cubains\/montecristo\/montecristo-linea-open\/montecristo-open-regata-tubos-5x3\/","title":{"rendered":"Montecristo Open Regata Tubos (5&#215;3)"},"content":{"rendered":"<p>Chaque vitole poss\u00e8de une t\u00eate pointue, biseaut\u00e9e, et un pied plat. Cette forme est appel\u00e9e Belicoso par certains mais<strong> le nom officiel du module est Forum.<\/strong> Le cigare <strong>Montecristo Open Regata Tubos<\/strong> poss\u00e8de une longueur de 135 mm, un diam\u00e8tre de 18.26 mm et un calibre de 46. Un Montecristo Open Regata Tubos est <strong>obligatoirement serti de deux bagues :<\/strong> sur la deuxi\u00e8me figure le nom Open en lettres dor\u00e9es suivi du nom de la vitole (Regata). Il lib\u00e8re un ar\u00f4me bois\u00e9.<\/p>\n<p>Le cigare est doux, conform\u00e9ment \u00e0 l\u2019ADN de la s\u00e9rie Open. En effet, cette gamme est con\u00e7ue sp\u00e9cialement pour les fumeurs de cigares doux, de\u00a0cigares cubains l\u00e9gers car les cigares\u00a0Montecristo\u00a0classiques ne sont pas \u00e0 la port\u00e9e de tous en raison de leur grande force. Le succ\u00e8s des cigares Open n\u2019est plus \u00e0 d\u00e9montrer. Ces vitoles sont appr\u00e9ci\u00e9s d\u2019un grand nombre de personnes.<\/p>\n<p>Comme pour tous les cigares prestigieux r\u00e9pondant sans concession \u00e0 des normes d\u2019excellence drastiques, les feuilles de tabac formant chaque vitole Open Regata sont s\u00e9lectionn\u00e9es dans les plantations du terroir cubain de la Vuelto Abajo. Les feuilles sont ensuite roul\u00e9es \u00e0 la main par les torcedores.<\/p>\n<p>Voil\u00e0 un grand Habano \u00e0 tripe longue appartenant \u00e0 une s\u00e9rie de cigares dont la popularit\u00e9 est justifi\u00e9e par ses qualit\u00e9s int\u00e9ressantes. En le d\u00e9gustant, les amateurs de cigares doux ont droit \u00e0 45 minutes de pur d\u00e9lice.<\/p>","protected":false},"excerpt":{"rendered":"<p>5 \u76d2\u88c5\u96ea\u8304\uff0c\u6bcf\u76d2 3 \u652f\u3002<\/p>","protected":false},"featured_media":53078,"template":"","meta":{"_acf_changed":false},"product_cat":[24791,40,14865,20979],"product_tag":[],"bundled_by":[],"bundle_stock_status":"outofstock","bundle_stock_quantity":0,"bundle_virtual":false,"bundle_layout":"","bundle_add_to_cart_form_location":"","bundle_editable_in_cart":false,"bundle_sold_individually_context":"","bundle_item_grouping":"","bundle_min_size":"","bundle_max_size":"","bundled_items":[],"acf":[],"_links":{"self":[{"href":"https:\/\/beta.alpscigar.com\/zh\/wp-json\/wp\/v2\/product\/53077"}],"collection":[{"href":"https:\/\/beta.alpscigar.com\/zh\/wp-json\/wp\/v2\/product"}],"about":[{"href":"https:\/\/beta.alpscigar.com\/zh\/wp-json\/wp\/v2\/types\/product"}],"wp:featuredmedia":[{"embeddable":true,"href":"https:\/\/beta.alpscigar.com\/zh\/wp-json\/wp\/v2\/media\/53078"}],"wp:attachment":[{"href":"https:\/\/beta.alpscigar.com\/zh\/wp-json\/wp\/v2\/media?parent=53077"}],"wp:term":[{"taxonomy":"product_cat","embeddable":true,"href":"https:\/\/beta.alpscigar.com\/zh\/wp-json\/wp\/v2\/product_cat?post=53077"},{"taxonomy":"product_tag","embeddable":true,"href":"https:\/\/beta.alpscigar.com\/zh\/wp-json\/wp\/v2\/product_tag?post=53077"}],"curies":[{"name":"wp","href":"https:\/\/api.w.org\/{rel}","templated":true}]}}