{"id":53125,"date":"2021-09-01T11:37:04","date_gmt":"2021-09-01T10:37:04","guid":{"rendered":"https:\/\/alpscigar.com\/?post_type=product&#038;p=53125"},"modified":"2023-08-31T14:15:14","modified_gmt":"2023-08-31T13:15:14","slug":"quintero-tubulares-tubos-5x3","status":"publish","type":"product","link":"https:\/\/beta.alpscigar.com\/zh\/shop\/cigares-cubains\/quintero\/quintero-tubulares-tubos-5x3\/","title":{"rendered":"Quintero Tubulares Tubos (5&#215;3)"},"content":{"rendered":"<p>Apr\u00e8s les <a href=\"https:\/\/alpscigar.com\/shop\/deal-of-the-week\/cuba\/quintero-favoritos-25\/\"><strong>Quintero Favoritos<\/strong><\/a> \u548c <a href=\"https:\/\/alpscigar.com\/shop\/deal-of-the-week\/cuba\/quintero-petit-quintero-25\/\"><strong>Petit Quintero<\/strong><\/a>, le <strong>Quintero Tubulares<\/strong> est le troisi\u00e8me lancement de la marque traditionnelle de cigares <a href=\"https:\/\/alpscigar.com\/product-category\/cigares-cubains\/quintero\/\"><strong>\u91d1\u7279\u7f57<\/strong><\/a> ces derni\u00e8res ann\u00e9es. Il a \u00e9t\u00e9 introduit pour la saison estivale 2016 sans trop de bruit et jouit depuis d&rsquo;une grande popularit\u00e9.<\/p>\n<p>Des ar\u00f4mes typiquement cubains en rapport avec le tube en aluminium tr\u00e8s pratique \u00e0 emporter font de ce cigare Brevas (JLP), comparable en termes de taille \u00e0 un <strong><a href=\"https:\/\/alpscigar.com\/shop\/cigares-cubains\/jose-l-piedra\/jose-l-piedra-brevas-25\/\">Jos\u00e9 L. Piedra Brevas<\/a><\/strong>, un compagnon tr\u00e8s agr\u00e9able pour une pause caf\u00e9 en plein air ou pour un barbecue. <strong>A 4.10 CHF le cigare<\/strong> vous ne pouvez pas vous attendre \u00e0 gagner un lot de beaut\u00e9, mais le go\u00fbt convient et donne envie de plus !<\/p>","protected":false},"excerpt":{"rendered":"<p>5 \u76d2\u88c5\u96ea\u8304\uff0c\u6bcf\u76d2 3 \u652f\u3002<\/p>","protected":false},"featured_media":53126,"template":"","meta":{"_acf_changed":false},"product_cat":[24791,40,16741],"product_tag":[],"bundled_by":[],"bundle_stock_status":"outofstock","bundle_stock_quantity":0,"bundle_virtual":false,"bundle_layout":"","bundle_add_to_cart_form_location":"","bundle_editable_in_cart":false,"bundle_sold_individually_context":"","bundle_item_grouping":"","bundle_min_size":"","bundle_max_size":"","bundled_items":[],"acf":[],"_links":{"self":[{"href":"https:\/\/beta.alpscigar.com\/zh\/wp-json\/wp\/v2\/product\/53125"}],"collection":[{"href":"https:\/\/beta.alpscigar.com\/zh\/wp-json\/wp\/v2\/product"}],"about":[{"href":"https:\/\/beta.alpscigar.com\/zh\/wp-json\/wp\/v2\/types\/product"}],"wp:featuredmedia":[{"embeddable":true,"href":"https:\/\/beta.alpscigar.com\/zh\/wp-json\/wp\/v2\/media\/53126"}],"wp:attachment":[{"href":"https:\/\/beta.alpscigar.com\/zh\/wp-json\/wp\/v2\/media?parent=53125"}],"wp:term":[{"taxonomy":"product_cat","embeddable":true,"href":"https:\/\/beta.alpscigar.com\/zh\/wp-json\/wp\/v2\/product_cat?post=53125"},{"taxonomy":"product_tag","embeddable":true,"href":"https:\/\/beta.alpscigar.com\/zh\/wp-json\/wp\/v2\/product_tag?post=53125"}],"curies":[{"name":"wp","href":"https:\/\/api.w.org\/{rel}","templated":true}]}}