{"id":53181,"date":"2021-09-03T15:08:57","date_gmt":"2021-09-03T14:08:57","guid":{"rendered":"https:\/\/alpscigar.com\/?post_type=product&#038;p=53181"},"modified":"2023-12-08T05:03:27","modified_gmt":"2023-12-08T04:03:27","slug":"romeo-y-julieta-short-churchill-tubos-5x3","status":"publish","type":"product","link":"https:\/\/beta.alpscigar.com\/zh\/shop\/cigares-cubains\/romeo-y-julieta\/romeo-y-julieta-short-churchill-tubos-5x3\/","title":{"rendered":"\u7f57\u5bc6\u6b27\u4e0e\u6731\u4e3d\u53f6\u77ed\u4e18\u5409\u5c14\u5377\u70df\uff085\u00d73\uff09"},"content":{"rendered":"<p><strong>Le Romeo Y Julieta Short Churchill est un Robusto magnifique.<\/strong> Ce format tr\u00e8s populaire a un calibre de 50 (19,84 mm de diam\u00e8tre) et une longueur de 124 mm. Cette vitole est un repr\u00e9sentant plut\u00f4t doux de la marque.\u00a0Avec un temps de maturation suffisant, il offre une exp\u00e9rience compl\u00e8te et \u00e9quilibr\u00e9e. Celui-ci se caract\u00e9rise par les ar\u00f4mes typiques de la marque tels que les noix, le chocolat noir et les ar\u00f4mes de torr\u00e9faction fine.\u00a0Comme tous les membres de la famille Churchill quant \u00e0 lui, cette variante Robusto porte \u00e9galement une autre bague Churchill dor\u00e9e en plus de la bague classique.<\/p>","protected":false},"excerpt":{"rendered":"<p>5 \u76d2\u88c5\u96ea\u8304\uff0c\u6bcf\u76d2 3 \u652f\u3002<\/p>","protected":false},"featured_media":53183,"template":"","meta":{"_acf_changed":false},"product_cat":[24791,24638,40,20218],"product_tag":[],"bundled_by":[],"bundle_stock_status":"instock","bundle_stock_quantity":35,"bundle_virtual":false,"bundle_layout":"","bundle_add_to_cart_form_location":"","bundle_editable_in_cart":false,"bundle_sold_individually_context":"","bundle_item_grouping":"","bundle_min_size":"","bundle_max_size":"","bundled_items":[],"acf":[],"_links":{"self":[{"href":"https:\/\/beta.alpscigar.com\/zh\/wp-json\/wp\/v2\/product\/53181"}],"collection":[{"href":"https:\/\/beta.alpscigar.com\/zh\/wp-json\/wp\/v2\/product"}],"about":[{"href":"https:\/\/beta.alpscigar.com\/zh\/wp-json\/wp\/v2\/types\/product"}],"wp:featuredmedia":[{"embeddable":true,"href":"https:\/\/beta.alpscigar.com\/zh\/wp-json\/wp\/v2\/media\/53183"}],"wp:attachment":[{"href":"https:\/\/beta.alpscigar.com\/zh\/wp-json\/wp\/v2\/media?parent=53181"}],"wp:term":[{"taxonomy":"product_cat","embeddable":true,"href":"https:\/\/beta.alpscigar.com\/zh\/wp-json\/wp\/v2\/product_cat?post=53181"},{"taxonomy":"product_tag","embeddable":true,"href":"https:\/\/beta.alpscigar.com\/zh\/wp-json\/wp\/v2\/product_tag?post=53181"}],"curies":[{"name":"wp","href":"https:\/\/api.w.org\/{rel}","templated":true}]}}