{"id":53205,"date":"2021-09-06T10:29:05","date_gmt":"2021-09-06T09:29:05","guid":{"rendered":"https:\/\/alpscigar.com\/?post_type=product&#038;p=53205"},"modified":"2023-12-13T16:24:41","modified_gmt":"2023-12-13T15:24:41","slug":"vegueros-mananitas-4x4","status":"publish","type":"product","link":"https:\/\/beta.alpscigar.com\/zh\/shop\/cigares-cubains\/vegueros\/vegueros-mananitas-4x4\/","title":{"rendered":"Vegueros Ma\u00f1anitas (4&#215;4)"},"content":{"rendered":"<p><strong>Les puros cubains Vegueros Ma\u00f1anitas<\/strong>\u00a0sont les plus petits mod\u00e8les du catalogue de la marque. La vitole mesure 100 mm de long et poss\u00e8de un diam\u00e8tre de 16,7 mm. Elle est dot\u00e9e d\u2019un calibre 46. Les cigares Ma\u00f1anitas affichent un module Pyr\u00e1mide (leur t\u00eate est biseaut\u00e9e) avec une corpulence qui rappelle celle d\u2019un petit Robusto. Le fumeur d\u00e9vore ce Figurado en 25 minutes !<\/p>\n<p><strong>Ces Habanos sont fabriqu\u00e9s \u00e0 la main dans la fabrique Francisco Donat\u00eden<\/strong>\u00a0\u00e0 Cuba. Il s\u2019agit de cigares \u00e0 tripe longue avec un niveau de construction et de finition particuli\u00e8rement \u00e9lev\u00e9. Cette rigueur dans le processus de fabrication se refl\u00e8te dans les caract\u00e9ristiques techniques du cigare. Sa r\u00e9sistance au tirage est irr\u00e9prochable et sa combustibilit\u00e9 est impeccable. La cape rev\u00eat un majestueux colorado claro (brun dor\u00e9).<\/p>\n<p>Les Vegueros Ma\u00f1anitas sont faits \u00e0 partir de tabacs d\u2019exception, \u00e0 savoir, ceux qui sont cultiv\u00e9s dans la r\u00e9gion de la Vuelta Abajo. Ce sont des cigares de force moyenne, pouvant \u00e9ventuellement atteindre le niveau fort. Ils sont en revanche fortement aromatis\u00e9s. Leur palette d\u2019ar\u00f4mes est l\u00e9g\u00e8rement \u00e9pic\u00e9e (on y d\u00e9c\u00e8le une petite touche poivr\u00e9e). Les notes v\u00e9g\u00e9tales (herbes et fruits entre autres) et la saveur terreuse sont dominantes dans cette gamme aromatique.<\/p>\n<p>Les Habanos Vegueros Ma\u00f1anitas sont pr\u00e9sent\u00e9s dans deux types d\u2019emballage : une bo\u00eete m\u00e9tallique en \u00e9tain contenant un cabinet de 16 cigares et un paquet en carton dans lequel 4 pi\u00e8ces sont gliss\u00e9es.\u00a0<strong>Le cigare plaira aux fumeurs d\u00e9butants !<\/strong><\/p>","protected":false},"excerpt":{"rendered":"<p>4 bo\u00eetes de 4 cigares.<\/p>","protected":false},"featured_media":53206,"template":"","meta":{"_acf_changed":false},"product_cat":[24791,40,16735],"product_tag":[],"bundled_by":[],"bundle_stock_status":"outofstock","bundle_stock_quantity":0,"bundle_virtual":false,"bundle_layout":"","bundle_add_to_cart_form_location":"","bundle_editable_in_cart":false,"bundle_sold_individually_context":"","bundle_item_grouping":"","bundle_min_size":"","bundle_max_size":"","bundled_items":[],"acf":[],"_links":{"self":[{"href":"https:\/\/beta.alpscigar.com\/zh\/wp-json\/wp\/v2\/product\/53205"}],"collection":[{"href":"https:\/\/beta.alpscigar.com\/zh\/wp-json\/wp\/v2\/product"}],"about":[{"href":"https:\/\/beta.alpscigar.com\/zh\/wp-json\/wp\/v2\/types\/product"}],"wp:featuredmedia":[{"embeddable":true,"href":"https:\/\/beta.alpscigar.com\/zh\/wp-json\/wp\/v2\/media\/53206"}],"wp:attachment":[{"href":"https:\/\/beta.alpscigar.com\/zh\/wp-json\/wp\/v2\/media?parent=53205"}],"wp:term":[{"taxonomy":"product_cat","embeddable":true,"href":"https:\/\/beta.alpscigar.com\/zh\/wp-json\/wp\/v2\/product_cat?post=53205"},{"taxonomy":"product_tag","embeddable":true,"href":"https:\/\/beta.alpscigar.com\/zh\/wp-json\/wp\/v2\/product_tag?post=53205"}],"curies":[{"name":"wp","href":"https:\/\/api.w.org\/{rel}","templated":true}]}}