{"id":53330,"date":"2021-09-14T12:49:56","date_gmt":"2021-09-14T11:49:56","guid":{"rendered":"https:\/\/alpscigar.com\/?post_type=product&#038;p=53330"},"modified":"2023-12-07T23:05:12","modified_gmt":"2023-12-07T22:05:12","slug":"davidoff-chefs-edition-2021-le-10","status":"publish","type":"product","link":"https:\/\/beta.alpscigar.com\/zh\/shop\/dominican-cigars\/davidoff\/davidoff-chefs-edition-2021-le-10\/","title":{"rendered":"Davidoff Chefs Edition 2021 LE (10)"},"content":{"rendered":"<h4>Davidoff Cigars est fier de pr\u00e9senter le Davidoff Chefs Edition 2021, la troisi\u00e8me \u00e9dition de la coop\u00e9ration fructueuse entre Davidoff et quatre grands chefs du monde.<\/h4>\n<p>B\u00e2le\/Suisse, ao\u00fbt 2021. Lorsque les pionniers de la cuisine rencontrent les visionnaires du cigare, le monde peut s&rsquo;attendre au plus grand plaisir du cigare. La sensibilit\u00e9 et la sophistication du palais d&rsquo;un chef de renomm\u00e9e internationale sont l\u00e9gendaires et n&rsquo;a d&rsquo;\u00e9gal que celui des Master Blenders de Davidoff. Alors, quand quatre des plus grands conservateurs de la gastronomie ont pr\u00eat\u00e9 leur talent pour le discernement du go\u00fbt \u00e0 l&rsquo;\u00e9quipe de cr\u00e9ateurs de cigares de Davidoff, il n&rsquo;est pas surprenant que le r\u00e9sultat soit quelque chose de tr\u00e8s haut de gamme. Apr\u00e8s des mois de co-cr\u00e9ation avec l&rsquo;\u00e9quipe de ma\u00eetres-m\u00e9langeurs de Davidoff, Norbert Niederkofler (copropri\u00e9taire de Food Space &amp; Restaurant AlpiNN, Italie), Juan Amador (Amador Restaurant, Vienne), Masa Takayama (Masa, New York City) et Jorge Vallejo (Masa, New York City). New York) et Jorge Vallejo (Quintonil, Mexico) ont r\u00e9alis\u00e9 une synth\u00e8se exceptionnelle entre le monde de la cuisine et celui des cigares haut de gamme : le <strong>Davidoff Chefs Edition 2021.\u00a0<\/strong><\/p>\n<p>\u00ab\u00a0Nous sommes fiers de notre partenariat avec des chefs acclam\u00e9s, trois \u00e9toiles au Michelin, originaires d&rsquo;Europe et des \u00c9tats-Unis, ainsi qu&rsquo;avec l&rsquo;un des chefs les plus brillants du monde et l&rsquo;un des plus grands noms de la cuisine latino-am\u00e9ricaine. Le troisi\u00e8me volet de notre <strong>Davidoff Chefs Edition<\/strong> r\u00e9unit l&rsquo;expertise stup\u00e9fiante de <strong>neuf \u00e9toiles Michelin<\/strong> et exprime les valeurs communes que partagent les ma\u00eetres de ces deux m\u00e9tiers d\u00e9clare Edward Simon, CMO d&rsquo;Oettinger Davidoff. Ces valeurs communes comprennent l&rsquo;accent mis sur l&rsquo;approvisionnement durable et le respect des meilleurs ingr\u00e9dients. Le site, la mani\u00e8re consciente de les cultiver et de s&rsquo;approvisionner, ainsi que les m\u00e9thodes innovantes pour les marier ensemble, imaginant de nouvelles combinaisons de saveurs menant \u00e0 de nouvelles exp\u00e9riences gustatives. \u00ab\u00a0Mais surtout, le Davidoff Chefs Edition 2021 r\u00e9pond parfaitement aux exigences de notre passion collective : l&rsquo;amour des meilleurs cigares et des exp\u00e9riences culinaires\u00a0\u00bb, poursuit-il.<\/p>\n<p>Les it\u00e9rations dans le processus de cr\u00e9ation du cigare parfait pour remplir le temps \u00e0 merveille ont \u00e9t\u00e9 exigeantes, mais en m\u00eame temps inspirantes, car l&rsquo;\u00e9quipe a \u00e9t\u00e9 tr\u00e8s motiv\u00e9e, compos\u00e9e des palais les plus brillants. Le r\u00e9sultat obtenu par les deux, les Ma\u00eetres m\u00e9langeurs de Davidoff et les Ma\u00eetres cuisiniers, montre de mani\u00e8re impressionnante que la \u00ab\u00a0Haute Cuisine\u00a0\u00bb a conduit, d\u00e9licieusement \u00e0 la \u00ab\u00a0Haute Fum\u00e9e\u00a0\u00bb.<\/p>\n<p><strong>Le Cigare<br \/>\n<\/strong>Le format Churchill (bague 48 x 7&Prime; soit 178 mm de long et un diam\u00e8tre de 19.05 mm) a \u00e9t\u00e9 choisi pour le cigare Chef Edition 2021, il emm\u00e8ne les aficionados dans un voyage gustatif qui commence par une riche cr\u00e8me soutenue par des notes de poivre et de bois de c\u00e8dre. Au cours du deuxi\u00e8me tiers, de douces notes florales commencent \u00e0 se d\u00e9velopper tandis que des soup\u00e7ons de cannelle et de caf\u00e9 se m\u00ealent \u00e0 l&rsquo;exp\u00e9rience sensorielle. Au cours du dernier tiers de l&rsquo;\u00e9l\u00e9gant format Churchill, le profil aromatique se transforme en un agr\u00e9able go\u00fbt de caramel associ\u00e9 \u00e0 du cacao et \u00e0 la r\u00e9apparition des notes de c\u00e8dre du d\u00e9but. Le m\u00e9lange soigneusement \u00e9quilibr\u00e9 est compos\u00e9 de quatre tabacs de remplissage dominicains bien vieillis, maintenus par une sous-cape mexicaine et couronn\u00e9s par une cape \u00e9quatorienne.<\/p>\n<p>Les cigares sont pr\u00e9sent\u00e9s dans un remarquable emballage en c\u00e9ramique de 10 cigares. Le packaging innovant et organique a une deuxi\u00e8me fonction apr\u00e8s que les cigares aient \u00e9t\u00e9 rang\u00e9s en toute s\u00e9curit\u00e9 dans l&rsquo;humidor. Les clients sont invit\u00e9s \u00e0 utiliser la base en c\u00e9ramique comme cendrier \u00e0 cigares, tandis que le couvercle en bois sert de plateau de service sur lequel on peut poser des verres \u00e0 alcool et des accessoires pour cigares.<\/p>\n<p class=\"p1\"><strong>Lancement et disponibilit\u00e9<br \/>\n<\/strong>L&rsquo;\u00e9dition Chefs 2021 est limit\u00e9e \u00e0 9&rsquo;700 bo\u00eetes dans le monde et sera disponible mondialement le 16 septembre 2021*.<\/p>\n<p class=\"p1\">* Uniquement en dehors de l&rsquo;Allemagne et de l&rsquo;Autriche.<span class=\"Apple-converted-space\">\u00a0 <\/span>Les dates de lancement peuvent varier en fonction du march\u00e9.<\/p>","protected":false},"excerpt":{"rendered":"<p>\u6bcf\u76d2 10 \u652f\u96ea\u8304\u3002<\/p>","protected":false},"featured_media":53332,"template":"","meta":{"_acf_changed":false},"product_cat":[23555,14927,14931],"product_tag":[],"bundled_by":[],"bundle_stock_status":"outofstock","bundle_stock_quantity":0,"bundle_virtual":false,"bundle_layout":"","bundle_add_to_cart_form_location":"","bundle_editable_in_cart":false,"bundle_sold_individually_context":"","bundle_item_grouping":"","bundle_min_size":"","bundle_max_size":"","bundled_items":[],"acf":[],"_links":{"self":[{"href":"https:\/\/beta.alpscigar.com\/zh\/wp-json\/wp\/v2\/product\/53330"}],"collection":[{"href":"https:\/\/beta.alpscigar.com\/zh\/wp-json\/wp\/v2\/product"}],"about":[{"href":"https:\/\/beta.alpscigar.com\/zh\/wp-json\/wp\/v2\/types\/product"}],"wp:featuredmedia":[{"embeddable":true,"href":"https:\/\/beta.alpscigar.com\/zh\/wp-json\/wp\/v2\/media\/53332"}],"wp:attachment":[{"href":"https:\/\/beta.alpscigar.com\/zh\/wp-json\/wp\/v2\/media?parent=53330"}],"wp:term":[{"taxonomy":"product_cat","embeddable":true,"href":"https:\/\/beta.alpscigar.com\/zh\/wp-json\/wp\/v2\/product_cat?post=53330"},{"taxonomy":"product_tag","embeddable":true,"href":"https:\/\/beta.alpscigar.com\/zh\/wp-json\/wp\/v2\/product_tag?post=53330"}],"curies":[{"name":"wp","href":"https:\/\/api.w.org\/{rel}","templated":true}]}}