{"id":53344,"date":"2021-09-15T09:14:59","date_gmt":"2021-09-15T08:14:59","guid":{"rendered":"https:\/\/alpscigar.com\/?post_type=product&#038;p=53344"},"modified":"2023-09-08T09:15:27","modified_gmt":"2023-09-08T08:15:27","slug":"partagas-aristocrats-25","status":"publish","type":"product","link":"https:\/\/beta.alpscigar.com\/zh\/shop\/cigares-cubains\/partagas\/partagas-aristocrats-25\/","title":{"rendered":"Partagas Aristocrats (25)"},"content":{"rendered":"<p>Le cigare Partagas Aristocrats est envelopp\u00e9 sous une cape lisse et soyeuse. D&rsquo;une bonne densit\u00e9, l&rsquo;allumage est ais\u00e9. Apr\u00e8s quelques bouff\u00e9es, la fum\u00e9e transporte un bouquet aromatique int\u00e9ressant teint\u00e9 d&rsquo;herbe humide et de fleurs. Au fur et \u00e0 mesure de la d\u00e9gustation, la tonalit\u00e9 terreuse prend de l&rsquo;importance, teint\u00e9e au final par des notes bois\u00e9es.<\/p>","protected":false},"excerpt":{"rendered":"<p>\u6bcf\u76d2 25 \u652f\u3002<\/p>","protected":false},"featured_media":53345,"template":"","meta":{"_acf_changed":false},"product_cat":[24791,40,14862],"product_tag":[],"bundled_by":[],"bundle_stock_status":"outofstock","bundle_stock_quantity":0,"bundle_virtual":false,"bundle_layout":"","bundle_add_to_cart_form_location":"","bundle_editable_in_cart":false,"bundle_sold_individually_context":"","bundle_item_grouping":"","bundle_min_size":"","bundle_max_size":"","bundled_items":[],"acf":[],"_links":{"self":[{"href":"https:\/\/beta.alpscigar.com\/zh\/wp-json\/wp\/v2\/product\/53344"}],"collection":[{"href":"https:\/\/beta.alpscigar.com\/zh\/wp-json\/wp\/v2\/product"}],"about":[{"href":"https:\/\/beta.alpscigar.com\/zh\/wp-json\/wp\/v2\/types\/product"}],"wp:featuredmedia":[{"embeddable":true,"href":"https:\/\/beta.alpscigar.com\/zh\/wp-json\/wp\/v2\/media\/53345"}],"wp:attachment":[{"href":"https:\/\/beta.alpscigar.com\/zh\/wp-json\/wp\/v2\/media?parent=53344"}],"wp:term":[{"taxonomy":"product_cat","embeddable":true,"href":"https:\/\/beta.alpscigar.com\/zh\/wp-json\/wp\/v2\/product_cat?post=53344"},{"taxonomy":"product_tag","embeddable":true,"href":"https:\/\/beta.alpscigar.com\/zh\/wp-json\/wp\/v2\/product_tag?post=53344"}],"curies":[{"name":"wp","href":"https:\/\/api.w.org\/{rel}","templated":true}]}}