{"id":53635,"date":"2021-09-29T13:45:59","date_gmt":"2021-09-29T12:45:59","guid":{"rendered":"https:\/\/alpscigar.com\/?post_type=product&#038;p=53635"},"modified":"2023-08-31T14:31:05","modified_gmt":"2023-08-31T13:31:05","slug":"caldwell-fresh-pack-good-luck-4s-4","status":"publish","type":"product","link":"https:\/\/beta.alpscigar.com\/zh\/shop\/dominican-cigars\/caldwell\/caldwell-fresh-pack-good-luck-4s-4\/","title":{"rendered":"Caldwell fresh pack Good Luck 4&rsquo;S (4)"},"content":{"rendered":"<p>Les Caldwell Fresh Packs contiennent un cigare appartenant aux quatre gammes les plus populaires.\u00a0Les cigares sont conditionn\u00e9s dans des emballages (freshbag) qui les prot\u00e8gent du dess\u00e8chement. Apr\u00e8s ouverture, ils peuvent \u00eatre referm\u00e9s.<\/p>\n<p>l&#8217;emballage Caldwell fresh pack Good Luck 4&rsquo;S contient 4 cigares :<\/p>\n<ul>\n<li>Caldwell Blind Mans Bluff Toro<\/li>\n<li>Caldwell Long Live The King Toro<\/li>\n<li>Caldwell The King is Dead Premier<\/li>\n<li>Caldwell Savages Toro<\/li>\n<\/ul>\n<p>&nbsp;<\/p>","protected":false},"excerpt":{"rendered":"<p>Emballage freshbag de 4 cigares.<\/p>","protected":false},"featured_media":53660,"template":"","meta":{"_acf_changed":false},"product_cat":[24791,23555,24708],"product_tag":[],"bundled_by":[],"bundle_stock_status":"instock","bundle_stock_quantity":null,"bundle_virtual":false,"bundle_layout":"","bundle_add_to_cart_form_location":"","bundle_editable_in_cart":false,"bundle_sold_individually_context":"","bundle_item_grouping":"","bundle_min_size":"","bundle_max_size":"","bundled_items":[],"acf":[],"_links":{"self":[{"href":"https:\/\/beta.alpscigar.com\/zh\/wp-json\/wp\/v2\/product\/53635"}],"collection":[{"href":"https:\/\/beta.alpscigar.com\/zh\/wp-json\/wp\/v2\/product"}],"about":[{"href":"https:\/\/beta.alpscigar.com\/zh\/wp-json\/wp\/v2\/types\/product"}],"wp:featuredmedia":[{"embeddable":true,"href":"https:\/\/beta.alpscigar.com\/zh\/wp-json\/wp\/v2\/media\/53660"}],"wp:attachment":[{"href":"https:\/\/beta.alpscigar.com\/zh\/wp-json\/wp\/v2\/media?parent=53635"}],"wp:term":[{"taxonomy":"product_cat","embeddable":true,"href":"https:\/\/beta.alpscigar.com\/zh\/wp-json\/wp\/v2\/product_cat?post=53635"},{"taxonomy":"product_tag","embeddable":true,"href":"https:\/\/beta.alpscigar.com\/zh\/wp-json\/wp\/v2\/product_tag?post=53635"}],"curies":[{"name":"wp","href":"https:\/\/api.w.org\/{rel}","templated":true}]}}